{"id":17050,"date":"2026-03-06T11:41:38","date_gmt":"2026-03-06T11:41:38","guid":{"rendered":"https:\/\/crawl.es\/?post_type=product&#038;p=17050"},"modified":"2026-03-06T11:41:39","modified_gmt":"2026-03-06T11:41:39","slug":"pull-buoy-speedo-negro","status":"publish","type":"product","link":"https:\/\/crawl.es\/ca\/producto\/pull-buoy-speedo-negro\/","title":{"rendered":"PULL BUOY SPEEDO NEGRO"},"content":{"rendered":"<p><span style=\"color: #000000; font-family: Roboto, sans-serif; font-size: 14px; letter-spacing: 0.14px;\">Trabaja m\u00e1s duro y define la t\u00e9cnica de tu brazo con nuestra cl\u00e1sica boya de tracci\u00f3n.<\/span><br style=\"box-sizing: border-box; color: #000000; font-family: Roboto, sans-serif; font-size: 14px; letter-spacing: 0.14px;\" \/><br style=\"box-sizing: border-box; color: #000000; font-family: Roboto, sans-serif; font-size: 14px; letter-spacing: 0.14px;\" \/><span style=\"color: #000000; font-family: Roboto, sans-serif; font-size: 14px; letter-spacing: 0.14px;\">Dise\u00f1ada para aislar el tren superior, la boya de tracci\u00f3n a\u00f1ade flotabilidad entre las piernas para que puedas reWorld Aquatics.r el tir\u00f3n de tu brazo y mejorar tu t\u00e9cnica de brazada.<\/span><br style=\"box-sizing: border-box; color: #000000; font-family: Roboto, sans-serif; font-size: 14px; letter-spacing: 0.14px;\" \/><br style=\"box-sizing: border-box; color: #000000; font-family: Roboto, sans-serif; font-size: 14px; letter-spacing: 0.14px;\" \/><span style=\"color: #000000; font-family: Roboto, sans-serif; font-size: 14px; letter-spacing: 0.14px;\">Sin piernas que te potencien, tus brazos y hombros asumen la carga, mejorando la fuerza y resistencia del tren superior mientras nadas.<\/span><br style=\"box-sizing: border-box; color: #000000; font-family: Roboto, sans-serif; font-size: 14px; letter-spacing: 0.14px;\" \/><br style=\"box-sizing: border-box; color: #000000; font-family: Roboto, sans-serif; font-size: 14px; letter-spacing: 0.14px;\" \/><span style=\"color: #000000; font-family: Roboto, sans-serif; font-size: 14px; letter-spacing: 0.14px;\">\u00dasalo para mejorar el posicionamiento de tu cuerpo y conseguir mayor velocidad y eficiencia.<\/span><\/p>\n","protected":false},"excerpt":{"rendered":"<p>Trabaja m\u00e1s duro y define la t\u00e9cnica de tu brazo con nuestra cl\u00e1sica boya de tracci\u00f3n.Dise\u00f1ada para aislar el tren superior, la boya de tracci\u00f3n a\u00f1ade flotabilidad entre las piernas para que puedas reWorld Aquatics.r el tir\u00f3n de tu brazo y mejorar tu t\u00e9cnica de&#8230;<\/p>\n","protected":false},"featured_media":17055,"comment_status":"open","ping_status":"closed","template":"","meta":[],"product_cat":[21,69],"product_tag":[],"brands":[{"id":307,"name":"Speedo","slug":"speedo"}],"_links":{"self":[{"href":"https:\/\/crawl.es\/ca\/wp-json\/wp\/v2\/product\/17050"}],"collection":[{"href":"https:\/\/crawl.es\/ca\/wp-json\/wp\/v2\/product"}],"about":[{"href":"https:\/\/crawl.es\/ca\/wp-json\/wp\/v2\/types\/product"}],"replies":[{"embeddable":true,"href":"https:\/\/crawl.es\/ca\/wp-json\/wp\/v2\/comments?post=17050"}],"wp:featuredmedia":[{"embeddable":true,"href":"https:\/\/crawl.es\/ca\/wp-json\/wp\/v2\/media\/17055"}],"wp:attachment":[{"href":"https:\/\/crawl.es\/ca\/wp-json\/wp\/v2\/media?parent=17050"}],"wp:term":[{"taxonomy":"product_cat","embeddable":true,"href":"https:\/\/crawl.es\/ca\/wp-json\/wp\/v2\/product_cat?post=17050"},{"taxonomy":"product_tag","embeddable":true,"href":"https:\/\/crawl.es\/ca\/wp-json\/wp\/v2\/product_tag?post=17050"}],"curies":[{"name":"wp","href":"https:\/\/api.w.org\/{rel}","templated":true}]}}