{"id":17062,"date":"2026-03-09T09:55:38","date_gmt":"2026-03-09T09:55:38","guid":{"rendered":"https:\/\/crawl.es\/?post_type=product&#038;p=17062"},"modified":"2026-03-09T09:55:38","modified_gmt":"2026-03-09T09:55:38","slug":"speedo-aleta-long-blade-fin","status":"publish","type":"product","link":"https:\/\/crawl.es\/ca\/producto\/speedo-aleta-long-blade-fin\/","title":{"rendered":"SPEEDO Aleta Long Blade Fin"},"content":{"rendered":"<p><span style=\"color: #242424; font-family: ECI-TEXT; font-size: 13.008px; letter-spacing: 0.3px;\">\u00a0Aleta de pala larga permite una patada m\u00e1s ligera, lo que permite lograr una mejor propulsi\u00f3n durante los entrenos de velocidad y los ejercicios. Ideal para nadadores noveles y los miembros m\u00e1s j\u00f3venes del equipo.<\/span><\/p>\n","protected":false},"excerpt":{"rendered":"<p>\u00a0Aleta de pala larga permite una patada m\u00e1s ligera, lo que permite lograr una mejor propulsi\u00f3n durante los entrenos de velocidad y los ejercicios. Ideal para nadadores noveles y los miembros m\u00e1s j\u00f3venes del equipo.<\/p>\n","protected":false},"featured_media":17065,"comment_status":"open","ping_status":"closed","template":"","meta":[],"product_cat":[21,449],"product_tag":[],"brands":[{"id":307,"name":"Speedo","slug":"speedo"}],"_links":{"self":[{"href":"https:\/\/crawl.es\/ca\/wp-json\/wp\/v2\/product\/17062"}],"collection":[{"href":"https:\/\/crawl.es\/ca\/wp-json\/wp\/v2\/product"}],"about":[{"href":"https:\/\/crawl.es\/ca\/wp-json\/wp\/v2\/types\/product"}],"replies":[{"embeddable":true,"href":"https:\/\/crawl.es\/ca\/wp-json\/wp\/v2\/comments?post=17062"}],"wp:featuredmedia":[{"embeddable":true,"href":"https:\/\/crawl.es\/ca\/wp-json\/wp\/v2\/media\/17065"}],"wp:attachment":[{"href":"https:\/\/crawl.es\/ca\/wp-json\/wp\/v2\/media?parent=17062"}],"wp:term":[{"taxonomy":"product_cat","embeddable":true,"href":"https:\/\/crawl.es\/ca\/wp-json\/wp\/v2\/product_cat?post=17062"},{"taxonomy":"product_tag","embeddable":true,"href":"https:\/\/crawl.es\/ca\/wp-json\/wp\/v2\/product_tag?post=17062"}],"curies":[{"name":"wp","href":"https:\/\/api.w.org\/{rel}","templated":true}]}}