{"id":17069,"date":"2026-03-09T10:09:14","date_gmt":"2026-03-09T10:09:14","guid":{"rendered":"https:\/\/crawl.es\/?post_type=product&#038;p=17069"},"modified":"2026-03-09T10:09:14","modified_gmt":"2026-03-09T10:09:14","slug":"aletas-speedo-long-blade-fin-au-various","status":"publish","type":"product","link":"https:\/\/crawl.es\/ca\/producto\/aletas-speedo-long-blade-fin-au-various\/","title":{"rendered":"ALETAS SPEEDO LONG BLADE FIN AU VARIOUS"},"content":{"rendered":"<p style=\"box-sizing: inherit; margin: 0px 0px 10px; padding: 0px; line-height: 1.6; text-rendering: optimizelegibility; color: #142c3a; font-family: 'Barlow Condensed', sans-serif; text-align: justify;\"><span style=\"box-sizing: inherit; font-weight: bold; line-height: inherit;\">Aletas Speedo Long Blade Fin: m\u00e1ximo confort y \u00f3ptimo\u00a0propulsi\u00f3n<\/span><\/p>\n<p style=\"box-sizing: inherit; margin: 0px 0px 10px; padding: 0px; line-height: 1.6; text-rendering: optimizelegibility; color: #142c3a; font-family: 'Barlow Condensed', sans-serif; text-align: justify;\">Las\u00a0<span style=\"box-sizing: inherit; font-weight: bold; line-height: inherit;\">aletas Speedo Long Blade Fin<\/span>\u00a0son ideales para tus entrenamientos de\u00a0<span style=\"box-sizing: inherit; font-weight: bold; line-height: inherit;\">nataci\u00f3n<\/span>\u00a0de todos los niveles, puesto que te ofrecen un m\u00e1ximo confort y una \u00f3ptima propulsi\u00f3n.\u00a0<\/p>\n<p style=\"box-sizing: inherit; margin: 0px 0px 10px; padding: 0px; line-height: 1.6; text-rendering: optimizelegibility; color: #142c3a; font-family: 'Barlow Condensed', sans-serif; text-align: justify;\">Su\u00a0calzado de caucho natural te provee\u00a0una agradable sujeci\u00f3n mientras que su\u00a0dise\u00f1o flexible y ligero garantiza un m\u00e1ximo bienestar.\u00a0<\/p>\n<p style=\"box-sizing: inherit; margin: 0px 0px 10px; padding: 0px; line-height: 1.6; text-rendering: optimizelegibility; color: #142c3a; font-family: 'Barlow Condensed', sans-serif; text-align: justify;\">Estas\u00a0<span style=\"box-sizing: inherit; font-weight: bold; line-height: inherit;\">aletas Speedo<\/span>\u00a0cuentan con palas largas perfectas para\u00a0maximizar\u00a0tu propulsi\u00f3n y trabajar\u00a0los m\u00fasculos inferiores.\u00a0<\/p>\n<p style=\"box-sizing: inherit; margin: 0px 0px 10px; padding: 0px; line-height: 1.6; text-rendering: optimizelegibility; color: #142c3a; font-family: 'Barlow Condensed', sans-serif; text-align: justify;\">\u00a0<\/p>\n<p style=\"box-sizing: inherit; margin: 0px 0px 10px; padding: 0px; line-height: 1.6; text-rendering: optimizelegibility; color: #142c3a; font-family: 'Barlow Condensed', sans-serif; text-align: justify;\">Ventajas de las\u00a0<span style=\"box-sizing: inherit; font-weight: bold; line-height: inherit;\">aletas Speedo Long Blade Fin<\/span><\/p>\n<ul style=\"box-sizing: inherit; margin: 0px 0px 10px 1.25rem; padding: 0px; list-style-position: outside; line-height: 1.6; color: #142c3a; font-family: 'Barlow Condensed', sans-serif; text-align: justify;\">\n<li style=\"box-sizing: inherit; margin: 0px; padding: 0px; font-size: inherit;\"><span style=\"box-sizing: inherit; font-weight: bold; line-height: inherit;\">Caucho natural<\/span>: confort y sujeci\u00f3n<\/li>\n<li style=\"box-sizing: inherit; margin: 0px; padding: 0px; font-size: inherit;\"><span style=\"box-sizing: inherit; font-weight: bold; line-height: inherit;\">Dise\u00f1o\u00a0suave y ligero<\/span>: bienestar<\/li>\n<li style=\"box-sizing: inherit; margin: 0px; padding: 0px; font-size: inherit;\"><span style=\"box-sizing: inherit; font-weight: bold; line-height: inherit;\">Palas\u00a0largas<\/span>: propulsi\u00f3n<\/li>\n<li style=\"box-sizing: inherit; margin: 0px; padding: 0px; font-size: inherit;\"><span style=\"box-sizing: inherit; font-weight: bold; line-height: inherit;\">Permite alcanzar un buen ritmo en sesiones de resistencia<\/span><\/li>\n<li style=\"box-sizing: inherit; margin: 0px; padding: 0px; font-size: inherit;\"><span style=\"box-sizing: inherit; font-weight: bold; line-height: inherit;\">Mejor postura y trabajo de los m\u00fasculos inferiores<\/span><\/li>\n<li style=\"box-sizing: inherit; margin: 0px; padding: 0px; font-size: inherit;\"><span style=\"box-sizing: inherit; font-weight: bold; line-height: inherit;\">Ideal para todos los niveles<\/span><\/li>\n<li style=\"box-sizing: inherit; margin: 0px; padding: 0px; font-size: inherit;\"><span style=\"box-sizing: inherit; font-weight: bold; line-height: inherit;\">Color diferente\u00a0seg\u00fan de la talla seleccionada<\/span><\/li>\n<\/ul>\n<p style=\"box-sizing: inherit; margin: 0px 0px 10px; padding: 0px; line-height: 1.6; text-rendering: optimizelegibility; color: #142c3a; font-family: 'Barlow Condensed', sans-serif; text-align: justify;\">\u00a0<\/p>\n","protected":false},"excerpt":{"rendered":"<p>Aletas Speedo Long Blade Fin: m\u00e1ximo confort y \u00f3ptimo\u00a0propulsi\u00f3n Las\u00a0aletas Speedo Long Blade Fin\u00a0son ideales para tus entrenamientos de\u00a0nataci\u00f3n\u00a0de todos los niveles, puesto que te ofrecen un m\u00e1ximo confort y una \u00f3ptima propulsi\u00f3n.\u00a0 Su\u00a0calzado de caucho natural te provee\u00a0una agradable sujeci\u00f3n mientras que su\u00a0dise\u00f1o flexible&#8230;<\/p>\n","protected":false},"featured_media":17077,"comment_status":"open","ping_status":"closed","template":"","meta":[],"product_cat":[21,449,69],"product_tag":[],"brands":[{"id":307,"name":"Speedo","slug":"speedo"}],"_links":{"self":[{"href":"https:\/\/crawl.es\/ca\/wp-json\/wp\/v2\/product\/17069"}],"collection":[{"href":"https:\/\/crawl.es\/ca\/wp-json\/wp\/v2\/product"}],"about":[{"href":"https:\/\/crawl.es\/ca\/wp-json\/wp\/v2\/types\/product"}],"replies":[{"embeddable":true,"href":"https:\/\/crawl.es\/ca\/wp-json\/wp\/v2\/comments?post=17069"}],"wp:featuredmedia":[{"embeddable":true,"href":"https:\/\/crawl.es\/ca\/wp-json\/wp\/v2\/media\/17077"}],"wp:attachment":[{"href":"https:\/\/crawl.es\/ca\/wp-json\/wp\/v2\/media?parent=17069"}],"wp:term":[{"taxonomy":"product_cat","embeddable":true,"href":"https:\/\/crawl.es\/ca\/wp-json\/wp\/v2\/product_cat?post=17069"},{"taxonomy":"product_tag","embeddable":true,"href":"https:\/\/crawl.es\/ca\/wp-json\/wp\/v2\/product_tag?post=17069"}],"curies":[{"name":"wp","href":"https:\/\/api.w.org\/{rel}","templated":true}]}}