{"id":17090,"date":"2026-03-12T11:00:18","date_gmt":"2026-03-12T11:00:18","guid":{"rendered":"https:\/\/crawl.es\/?post_type=product&#038;p=17090"},"modified":"2026-04-15T17:58:22","modified_gmt":"2026-04-15T17:58:22","slug":"banador-speedo-brief-13-5cm-ml-printed-8-005188005","status":"publish","type":"product","link":"https:\/\/crawl.es\/ca\/producto\/banador-speedo-brief-13-5cm-ml-printed-8-005188005\/","title":{"rendered":"BA\u00d1ADOR SPEEDO BRIEF 13.5CM ML PRINTED \/ 8-005188005"},"content":{"rendered":"<p style=\"background-image: initial; background-position: 0px 0px; background-size: initial; background-repeat: initial; background-attachment: initial; background-origin: initial; background-clip: initial; border: 0px; margin: 8px 0px 12px; padding: 0px; vertical-align: baseline; outline: 0px; font-size: 18px; color: #818181; font-family: Athletics, sans-serif; font-variant: inherit; letter-spacing: 0px; box-sizing: inherit; font-stretch: inherit; line-height: 24px; font-optical-sizing: inherit; font-size-adjust: inherit; font-kerning: inherit; font-feature-settings: inherit; font-variation-settings: inherit; font-language-override: inherit;\"><span dir=\"auto\" style=\"background: 0px 0px; border: 0px; margin: 0px; padding: 0px; vertical-align: inherit; outline: 0px; box-sizing: inherit; line-height: 24px; letter-spacing: 0px; color: inherit;\">El ba\u00f1ador SPEEDO de 13,5 cm est\u00e1 dise\u00f1ado para el rendimiento y la pr\u00e1ctica, ofreciendo nuestro ajuste de competici\u00f3n m\u00e1s compresivo. Fabricado para durar con tejido Endurance+, es resistente al cloro y a la formaci\u00f3n de bolitas para una mayor durabilidad. La cintura m\u00e1s ancha y el cord\u00f3n ajustable te mantienen c\u00f3modo y sujeto durante el entrenamiento.<\/span><\/p>\n<p style=\"background-image: initial; background-position: 0px 0px; background-size: initial; background-repeat: initial; background-attachment: initial; background-origin: initial; background-clip: initial; border: 0px; margin: 0px; padding: 0px; vertical-align: baseline; outline: 0px; font-size: 18px; color: #818181; font-family: Athletics, sans-serif;\">\u00a0<\/p>\n<p style=\"background-image: initial; background-position: 0px 0px; background-size: initial; background-repeat: initial; background-attachment: initial; background-origin: initial; background-clip: initial; border: 0px; margin: 8px 0px 12px; padding: 0px; vertical-align: baseline; outline: 0px; font-size: 18px; color: #818181; font-family: Athletics, sans-serif; font-variant: inherit; letter-spacing: 0px; box-sizing: inherit; font-stretch: inherit; line-height: 24px; font-optical-sizing: inherit; font-size-adjust: inherit; font-kerning: inherit; font-feature-settings: inherit; font-variation-settings: inherit; font-language-override: inherit;\"><em style=\"background: 0px 0px; border: 0px; margin: 0px; padding: 0px; vertical-align: baseline; outline: 0px; box-sizing: inherit; font-variant: inherit; font-stretch: inherit; line-height: 24px; font-optical-sizing: inherit; font-size-adjust: inherit; font-kerning: inherit; font-feature-settings: inherit; font-variation-settings: inherit; font-language-override: inherit; letter-spacing: 0px; color: inherit;\"><span dir=\"auto\" style=\"background: 0px 0px; border: 0px; margin: 0px; padding: 0px; vertical-align: inherit; outline: 0px; box-sizing: inherit; font-style: normal; line-height: 24px; letter-spacing: 0px; color: inherit;\">Este estilo se ha creado mediante impresi\u00f3n digital; cada traje se confecciona individualmente con un estampado \u00fanico. Tenga en cuenta que, por este motivo, su estampado puede ser ligeramente diferente al que lleva nuestra modelo.<\/span><\/em><\/p>\n","protected":false},"excerpt":{"rendered":"<p>El ba\u00f1ador SPEEDO de 13,5 cm est\u00e1 dise\u00f1ado para el rendimiento y la pr\u00e1ctica, ofreciendo nuestro ajuste de competici\u00f3n m\u00e1s compresivo. Fabricado para durar con tejido Endurance+, es resistente al cloro y a la formaci\u00f3n de bolitas para una mayor durabilidad. La cintura m\u00e1s ancha&#8230;<\/p>\n","protected":false},"featured_media":17095,"comment_status":"open","ping_status":"closed","template":"","meta":[],"product_cat":[44,382,28],"product_tag":[],"brands":[{"id":307,"name":"Speedo","slug":"speedo"}],"_links":{"self":[{"href":"https:\/\/crawl.es\/ca\/wp-json\/wp\/v2\/product\/17090"}],"collection":[{"href":"https:\/\/crawl.es\/ca\/wp-json\/wp\/v2\/product"}],"about":[{"href":"https:\/\/crawl.es\/ca\/wp-json\/wp\/v2\/types\/product"}],"replies":[{"embeddable":true,"href":"https:\/\/crawl.es\/ca\/wp-json\/wp\/v2\/comments?post=17090"}],"wp:featuredmedia":[{"embeddable":true,"href":"https:\/\/crawl.es\/ca\/wp-json\/wp\/v2\/media\/17095"}],"wp:attachment":[{"href":"https:\/\/crawl.es\/ca\/wp-json\/wp\/v2\/media?parent=17090"}],"wp:term":[{"taxonomy":"product_cat","embeddable":true,"href":"https:\/\/crawl.es\/ca\/wp-json\/wp\/v2\/product_cat?post=17090"},{"taxonomy":"product_tag","embeddable":true,"href":"https:\/\/crawl.es\/ca\/wp-json\/wp\/v2\/product_tag?post=17090"}],"curies":[{"name":"wp","href":"https:\/\/api.w.org\/{rel}","templated":true}]}}