{"id":17149,"date":"2026-04-02T09:31:15","date_gmt":"2026-04-02T09:31:15","guid":{"rendered":"https:\/\/crawl.es\/?post_type=product&#038;p=17149"},"modified":"2026-04-02T09:31:16","modified_gmt":"2026-04-02T09:31:16","slug":"banador-jammer-liso-arena-performance-para-nino-team-rojo-blanco","status":"publish","type":"product","link":"https:\/\/crawl.es\/ca\/producto\/banador-jammer-liso-arena-performance-para-nino-team-rojo-blanco\/","title":{"rendered":"Ba\u00f1ador jammer liso arena Performance para ni\u00f1o Team &#8211; Rojo Blanco"},"content":{"rendered":"<p><span style=\"color: rgba(0, 0, 0, 0.75); font-family: Roboto, sans-serif; font-size: 15px;\">El ba\u00f1ador jammer liso arena Team para ni\u00f1o, duradero y resistente al cloro, de la l\u00ednea arena Performance es ideal para nadadores de competici\u00f3n y nadadores habituales que nadan con frecuencia en la piscina. El tejido MaxLife Eco altamente resistente al cloro y con protecci\u00f3n UV UPF 50+ integrada es duradero y de secado extremadamente r\u00e1pido. Esta evoluci\u00f3n respetuosa con el medioambiente del tejido MaxLife de arena contiene al menos un 50 % de poli\u00e9ster reciclado obtenido de botellas de PET. Adem\u00e1s, el proceso de producci\u00f3n del tejido se ha optimizado para ahorrar energ\u00eda, reducir las emisiones de CO\u00b2 y minimizar el uso de agua. Con un c\u00f3modo forro delantero. El cord\u00f3n interno ajustable garantiza un ajuste excelente. Longitud lateral: 36cm. La certificaci\u00f3n STANDARD 100 de OEKO-TEX\u00ae del tejido significa que ha sido sometido a una prueba de sustancias nocivas que garantiza que es inofensivo para la salud humana y para el medioambiente.<\/span><\/p>\n<p><span style=\"color: rgba(0, 0, 0, 0.75); font-family: Roboto, sans-serif; font-size: 15px;\">100% Poli\u00e9ster (tejido ecol\u00f3gico: 51% de Poli\u00e9ster Reciclado)<\/span><\/p>\n<p><span style=\"color: rgba(0, 0, 0, 0.75); font-family: Roboto, sans-serif; font-size: 15px;\">Lavar a mano,No usar lej\u00eda,No secar,No planchar,Limpieza profesional en seco en: percloroetileno, hidrocarburos. Prendas delicadas<\/span><\/p>\n","protected":false},"excerpt":{"rendered":"<p>El ba\u00f1ador jammer liso arena Team para ni\u00f1o, duradero y resistente al cloro, de la l\u00ednea arena Performance es ideal para nadadores de competici\u00f3n y nadadores habituales que nadan con frecuencia en la piscina. El tejido MaxLife Eco altamente resistente al cloro y con protecci\u00f3n&#8230;<\/p>\n","protected":false},"featured_media":17158,"comment_status":"open","ping_status":"closed","template":"","meta":[],"product_cat":[39,48],"product_tag":[],"brands":[{"id":312,"name":"ARENA","slug":"arena"}],"_links":{"self":[{"href":"https:\/\/crawl.es\/ca\/wp-json\/wp\/v2\/product\/17149"}],"collection":[{"href":"https:\/\/crawl.es\/ca\/wp-json\/wp\/v2\/product"}],"about":[{"href":"https:\/\/crawl.es\/ca\/wp-json\/wp\/v2\/types\/product"}],"replies":[{"embeddable":true,"href":"https:\/\/crawl.es\/ca\/wp-json\/wp\/v2\/comments?post=17149"}],"wp:featuredmedia":[{"embeddable":true,"href":"https:\/\/crawl.es\/ca\/wp-json\/wp\/v2\/media\/17158"}],"wp:attachment":[{"href":"https:\/\/crawl.es\/ca\/wp-json\/wp\/v2\/media?parent=17149"}],"wp:term":[{"taxonomy":"product_cat","embeddable":true,"href":"https:\/\/crawl.es\/ca\/wp-json\/wp\/v2\/product_cat?post=17149"},{"taxonomy":"product_tag","embeddable":true,"href":"https:\/\/crawl.es\/ca\/wp-json\/wp\/v2\/product_tag?post=17149"}],"curies":[{"name":"wp","href":"https:\/\/api.w.org\/{rel}","templated":true}]}}