{"id":17178,"date":"2026-04-02T09:47:53","date_gmt":"2026-04-02T09:47:53","guid":{"rendered":"https:\/\/crawl.es\/?post_type=product&#038;p=17178"},"modified":"2026-04-02T09:47:53","modified_gmt":"2026-04-02T09:47:53","slug":"speedo-banador-slip-ml-solid","status":"publish","type":"product","link":"https:\/\/crawl.es\/ca\/producto\/speedo-banador-slip-ml-solid\/","title":{"rendered":"Speedo Ba\u00f1ador slip ML Solid"},"content":{"rendered":"<p><span style=\"color: #000000; font-family: Roboto, sans-serif; font-size: 14px; letter-spacing: 0.14px;\">Libera tu potencial con el ba\u00f1ador Speedo ML Solid para hombre. Dise\u00f1ado para atletas dedicados, ofrece un ajuste de compresi\u00f3n para el soporte muscular y un perfil elegante e hidrodin\u00e1mico para cortar el agua con una resistencia m\u00ednima. Una cintura m\u00e1s ancha de nuevo dise\u00f1o y un cord\u00f3n interno proporcionan un ajuste seguro y sin distracciones para un rendimiento potente. Construido para los rigores del entrenamiento diario, su tejido avanzado ofrece una resistencia superior al cloro y retenci\u00f3n de la forma, asegurando una durabilidad inigualable y un color duradero, vuelta tras vuelta<\/span><\/p>\n","protected":false},"excerpt":{"rendered":"<p>Libera tu potencial con el ba\u00f1ador Speedo ML Solid para hombre. Dise\u00f1ado para atletas dedicados, ofrece un ajuste de compresi\u00f3n para el soporte muscular y un perfil elegante e hidrodin\u00e1mico para cortar el agua con una resistencia m\u00ednima. Una cintura m\u00e1s ancha de nuevo dise\u00f1o&#8230;<\/p>\n","protected":false},"featured_media":17183,"comment_status":"open","ping_status":"closed","template":"","meta":[],"product_cat":[44,382,28],"product_tag":[],"brands":[{"id":307,"name":"Speedo","slug":"speedo"}],"_links":{"self":[{"href":"https:\/\/crawl.es\/ca\/wp-json\/wp\/v2\/product\/17178"}],"collection":[{"href":"https:\/\/crawl.es\/ca\/wp-json\/wp\/v2\/product"}],"about":[{"href":"https:\/\/crawl.es\/ca\/wp-json\/wp\/v2\/types\/product"}],"replies":[{"embeddable":true,"href":"https:\/\/crawl.es\/ca\/wp-json\/wp\/v2\/comments?post=17178"}],"wp:featuredmedia":[{"embeddable":true,"href":"https:\/\/crawl.es\/ca\/wp-json\/wp\/v2\/media\/17183"}],"wp:attachment":[{"href":"https:\/\/crawl.es\/ca\/wp-json\/wp\/v2\/media?parent=17178"}],"wp:term":[{"taxonomy":"product_cat","embeddable":true,"href":"https:\/\/crawl.es\/ca\/wp-json\/wp\/v2\/product_cat?post=17178"},{"taxonomy":"product_tag","embeddable":true,"href":"https:\/\/crawl.es\/ca\/wp-json\/wp\/v2\/product_tag?post=17178"}],"curies":[{"name":"wp","href":"https:\/\/api.w.org\/{rel}","templated":true}]}}