{"id":1732,"date":"2021-02-08T09:38:38","date_gmt":"2021-02-08T09:38:38","guid":{"rendered":"https:\/\/crawl.es\/?post_type=product&#038;p=1732"},"modified":"2024-11-25T09:28:19","modified_gmt":"2024-11-25T09:28:19","slug":"banador-boxer-rise-and-swim-73017116","status":"publish","type":"product","link":"https:\/\/crawl.es\/ca\/producto\/banador-boxer-rise-and-swim-73017116\/","title":{"rendered":"Ba\u00f1ador Boxer &#8220;Rise and Swim&#8221; Hombre | Crawl"},"content":{"rendered":"<p>Este ba\u00f1ador Turbo est\u00e1 especialmente dise\u00f1ado para la pr\u00e1ctica de la Nataci\u00f3n. Su patr\u00f3n ajustable hace que se adapte perfectamente a las curvas del cuerpo. Est\u00e1 confeccionado con el mejor tejido del mercado con una doble capa de forro delantero parcial. Es resistente al cloro de la piscina y a los rayos UV. Y por ello, la intensidad de sus colores se mantiene con el uso repetido en el tiempo. \u00a0 <strong>Es considerado uno de los ba\u00f1adores m\u00e1s resistentes del mundo.<\/strong> \u00a0 <strong>Caracter\u00edsticas destacables:<\/strong><\/p>\n<ul>\n<li>&#8211; Costuras reforzadas<\/li>\n<li>&#8211; Cord\u00f3n regulable<\/li>\n<li>&#8211; Forro delantero parcial<\/li>\n<li>&#8211; Largo lateral:\u00a028 cm (tomando la Talla \u2018M\u2019 como referencia)<\/li>\n<li>&#8211; Resistente al cloro<\/li>\n<li>&#8211; Colores duraderos<\/li>\n<li>&#8211; Composici\u00f3n: 55% poli\u00e9ster PBT, 45% poli\u00e9ster<\/li>\n<\/ul>\n<p>\u00a0 <strong>Uso recomendado:<\/strong> &#8211; Ba\u00f1ador perfecto para la pr\u00e1ctica de la Nataci\u00f3n como ba\u00f1ador de entrenamiento. Gracias a su gran adaptabilidad al cuerpo, no arrastra agua al nadar y lo hace una opci\u00f3n comod\u00edsima para el uso diario. Al tener un \u00fanico forro delantero, el ba\u00f1ador no ejerce una presi\u00f3n excesiva sobre el cuerpo\u00a0 y puede usarse durante muchas horas con una comodidad absoluta. \u00a0 *Este art\u00edculo tiene un tallaje similar al de otras marcas y recomendamos elegir la misma talla que se suele usar. Sin embargo, el tallaje es ligeramente superior si se compara con los ba\u00f1adores Turbo de la secci\u00f3n de Water Polo, que suelen ser m\u00e1s peque\u00f1os de lo habitual. \u00a0<\/p>\n","protected":false},"excerpt":{"rendered":"<p>El ba\u00f1ador boxer &#8220;Rise and Swim&#8221; para hombre ofrece un ajuste c\u00f3modo y un dise\u00f1o atractivo. Perfecto para entrenamientos de nataci\u00f3n o actividades acu\u00e1ticas. Disfruta de la comodidad y estilo en cada brazada.<br \/>Ref: 73017116<\/p>\n","protected":false},"featured_media":1739,"comment_status":"open","ping_status":"closed","template":"","meta":[],"product_cat":[44,40,50,28,30],"product_tag":[],"brands":[{"id":22,"name":"Turbo","slug":"turbo"}],"_links":{"self":[{"href":"https:\/\/crawl.es\/ca\/wp-json\/wp\/v2\/product\/1732"}],"collection":[{"href":"https:\/\/crawl.es\/ca\/wp-json\/wp\/v2\/product"}],"about":[{"href":"https:\/\/crawl.es\/ca\/wp-json\/wp\/v2\/types\/product"}],"replies":[{"embeddable":true,"href":"https:\/\/crawl.es\/ca\/wp-json\/wp\/v2\/comments?post=1732"}],"wp:featuredmedia":[{"embeddable":true,"href":"https:\/\/crawl.es\/ca\/wp-json\/wp\/v2\/media\/1739"}],"wp:attachment":[{"href":"https:\/\/crawl.es\/ca\/wp-json\/wp\/v2\/media?parent=1732"}],"wp:term":[{"taxonomy":"product_cat","embeddable":true,"href":"https:\/\/crawl.es\/ca\/wp-json\/wp\/v2\/product_cat?post=1732"},{"taxonomy":"product_tag","embeddable":true,"href":"https:\/\/crawl.es\/ca\/wp-json\/wp\/v2\/product_tag?post=1732"}],"curies":[{"name":"wp","href":"https:\/\/api.w.org\/{rel}","templated":true}]}}