{"id":3816,"date":"2021-05-13T17:54:27","date_gmt":"2021-05-13T17:54:27","guid":{"rendered":"https:\/\/crawl.es\/producto\/gorro-lycra-goma-estrecha\/"},"modified":"2024-12-04T09:54:30","modified_gmt":"2024-12-04T09:54:30","slug":"gorro-lycra-goma-estrecha","status":"publish","type":"product","link":"https:\/\/crawl.es\/ca\/producto\/gorro-lycra-goma-estrecha\/","title":{"rendered":"Gorro Lycra Goma Estrecha | CRAWL"},"content":{"rendered":"<p>Este gorro Turbo est\u00e1 compuesto por poli\u00e9ster o lycra (seg\u00fan descripci\u00f3n de producto). Es un producto muy el\u00e1stico y con un tacto muy agradable y suave. Es una opci\u00f3n perfecta para quien busque una buena adherencia pero sin una excesiva presi\u00f3n en la cabeza. Protege el cuero cabelludo de los agentes qu\u00edmicos del cloro de las piscinas. Los estampados son resistentes al cloro, rayos UV y al agua del mar.<\/p>\n<p>\u00a0<\/p>\n<p>Caracter\u00edsticas destacables:<\/p>\n<p>\u00a0<\/p>\n<p>100% Poli\u00e9ster\/Lycra\/Latex (seg\u00fan modelo).<\/p>\n<p>\u00a0<\/p>\n<p>Perfecto para piscina cubierta y descubierta.<\/p>\n<p>\u00a0<\/p>\n<p>El\u00e1stico para un ajuste seguro y adaptable.<\/p>\n<p>\u00a0<\/p>\n<p>Corte ergon\u00f3mico especial para la cabeza.<\/p>\n<p>\u00a0<\/p>\n<p>M\u00e1xima adherencia.<\/p>\n<p>\u00a0<\/p>\n<p>Uso recomendado: Perfecto para la pr\u00e1ctica de la nataci\u00f3n. Pensado para un uso diario en entrenamientos o otros deportes acu\u00e1ticos recreacionales. No es recomendable para uso en competiciones o eventos deportivos profesionales.<\/p>\n","protected":false},"excerpt":{"rendered":"<p>Compra el Gorro Lycra Goma Estrecha en CRAWL. Suave y el\u00e1stico, perfecto para piscina cubierta y descubierta.<\/p>\n","protected":false},"featured_media":3750,"comment_status":"open","ping_status":"closed","template":"","meta":[],"product_cat":[136,134],"product_tag":[],"brands":[{"id":22,"name":"Turbo","slug":"turbo"}],"_links":{"self":[{"href":"https:\/\/crawl.es\/ca\/wp-json\/wp\/v2\/product\/3816"}],"collection":[{"href":"https:\/\/crawl.es\/ca\/wp-json\/wp\/v2\/product"}],"about":[{"href":"https:\/\/crawl.es\/ca\/wp-json\/wp\/v2\/types\/product"}],"replies":[{"embeddable":true,"href":"https:\/\/crawl.es\/ca\/wp-json\/wp\/v2\/comments?post=3816"}],"wp:featuredmedia":[{"embeddable":true,"href":"https:\/\/crawl.es\/ca\/wp-json\/wp\/v2\/media\/3750"}],"wp:attachment":[{"href":"https:\/\/crawl.es\/ca\/wp-json\/wp\/v2\/media?parent=3816"}],"wp:term":[{"taxonomy":"product_cat","embeddable":true,"href":"https:\/\/crawl.es\/ca\/wp-json\/wp\/v2\/product_cat?post=3816"},{"taxonomy":"product_tag","embeddable":true,"href":"https:\/\/crawl.es\/ca\/wp-json\/wp\/v2\/product_tag?post=3816"}],"curies":[{"name":"wp","href":"https:\/\/api.w.org\/{rel}","templated":true}]}}