{"id":3817,"date":"2021-05-11T16:44:33","date_gmt":"2021-05-11T16:44:33","guid":{"rendered":"https:\/\/crawl.es\/producto\/predator-junior-goggles\/"},"modified":"2025-03-06T11:07:54","modified_gmt":"2025-03-06T11:07:54","slug":"predator-junior-goggles","status":"publish","type":"product","link":"https:\/\/crawl.es\/ca\/producto\/predator-junior-goggles\/","title":{"rendered":"Ulleres Predator Junior | CRAWL"},"content":{"rendered":"<p>Fes una entrada triomfal amb les nostres ulleres Predator Junior, unes fant\u00e0stiques ulleres d&#8217;alt rendiment per a j\u00faniors. Les ulleres Predator Junior de Zoggs ofereixen una visi\u00f3 perif\u00e8rica de 180 graus a trav\u00e9s de lents corbades, protecci\u00f3 UV m\u00e0xima i tecnologia anti-baf Fogbuster\u2122 impregnada a les lents per a una claredat excepcional. La nostra exclusiva tecnologia de marc Bio-Tech\u2122 crea un marc durador i de llarga durada amb juntes de silicona suau per a un ajustament s\u00faper c\u00f2mode, aix\u00ed que res no pot aturar-los amb les ulleres Predator Junior de Zoggs.<\/p>\n<p>\u00a0<\/p>\n<p>Caracter\u00edstiques destacables:<\/p>\n<p>Visi\u00f3 perif\u00e8rica de 180 graus a trav\u00e9s de lents corbades.<\/p>\n<p>M\u00e0xima protecci\u00f3 UV.<\/p>\n<p>Tecnologia anti-baf Fogbuster\u2122.<\/p>\n<p>Tecnologia de marc Bio-Tech\u2122 duradora.<\/p>\n<p>Juntes de silicona suau per a un ajustament c\u00f2mode.<\/p>\n<p>\u00a0<\/p>\n<p>\u00das recomanat: Recomanades per a la pr\u00e0ctica de la nataci\u00f3 a juniors, aquestes ulleres s\u00f3n perfectes per a entrenaments i competicions. La seva visi\u00f3 clara i \u00e0mplia, juntament amb la protecci\u00f3 i la comoditat que ofereixen, fan que les Predator Junior siguin ideals per a joves nedadors que busquen millorar el seu rendiment i gaudir de l&#8217;esport.<\/p>\n","protected":false},"excerpt":{"rendered":"<p>Compra les Ulleres Predator Junior a CRAWL. Visi\u00f3 perif\u00e8rica de 180 graus, protecci\u00f3 UV i tecnologia antibaf Fogbuster\u2122<\/p>\n","protected":false},"featured_media":3465,"comment_status":"open","ping_status":"closed","template":"","meta":[],"product_cat":[412,156],"product_tag":[],"brands":[{"id":24,"name":"Zoggs","slug":"zoggs"}],"_links":{"self":[{"href":"https:\/\/crawl.es\/ca\/wp-json\/wp\/v2\/product\/3817"}],"collection":[{"href":"https:\/\/crawl.es\/ca\/wp-json\/wp\/v2\/product"}],"about":[{"href":"https:\/\/crawl.es\/ca\/wp-json\/wp\/v2\/types\/product"}],"replies":[{"embeddable":true,"href":"https:\/\/crawl.es\/ca\/wp-json\/wp\/v2\/comments?post=3817"}],"wp:featuredmedia":[{"embeddable":true,"href":"https:\/\/crawl.es\/ca\/wp-json\/wp\/v2\/media\/3465"}],"wp:attachment":[{"href":"https:\/\/crawl.es\/ca\/wp-json\/wp\/v2\/media?parent=3817"}],"wp:term":[{"taxonomy":"product_cat","embeddable":true,"href":"https:\/\/crawl.es\/ca\/wp-json\/wp\/v2\/product_cat?post=3817"},{"taxonomy":"product_tag","embeddable":true,"href":"https:\/\/crawl.es\/ca\/wp-json\/wp\/v2\/product_tag?post=3817"}],"curies":[{"name":"wp","href":"https:\/\/api.w.org\/{rel}","templated":true}]}}