{"id":5751,"date":"2022-12-22T16:47:18","date_gmt":"2022-12-22T16:47:18","guid":{"rendered":"https:\/\/crawl.es\/?post_type=product&#038;p=5751"},"modified":"2024-12-03T11:32:08","modified_gmt":"2024-12-03T11:32:08","slug":"banador-waterpolo-loki-comic-731378","status":"publish","type":"product","link":"https:\/\/crawl.es\/ca\/producto\/banador-waterpolo-loki-comic-731378\/","title":{"rendered":"Ba\u00f1ador Waterpolo Turbo Loki Comic | CRAWL"},"content":{"rendered":"<p>Los Ba\u00f1adores Waterpolo Loki Comic de Turbo est\u00e1n especialmente dise\u00f1ados para la pr\u00e1ctica del waterpolo, tanto a nivel profesional como amateur. Estos ba\u00f1adores son ideales para ser utilizados durante sesiones de entrenamiento o partidos de waterpolo. Con m\u00e1s de 50 a\u00f1os de experiencia, Turbo ha desarrollado un patr\u00f3n extremadamente c\u00f3modo que se adapta perfectamente al cuerpo, proporcionando comodidad y una sensaci\u00f3n de ligereza.<\/p>\n<p>\u00a0<\/p>\n<p>Caracter\u00edsticas destacables:<\/p>\n<p>&#8211; Resistencia total al cloro.<\/p>\n<p>&#8211; Material resistente y el\u00e1stico.<\/p>\n<p>&#8211; Resistencia al agua salada.<\/p>\n<p>&#8211; Colores duraderos.<\/p>\n<p>&#8211; Testado por profesionales.<\/p>\n<p>&#8211; Costuras reforzadas y doble capa de tela para mayor durabilidad.<\/p>\n<p>&#8211; Resistente a los rayos UV.<\/p>\n<p>\u00a0<\/p>\n<p>Estos ba\u00f1adores facilitan la movilidad en el agua, evitando el arrastre de agua y permitiendo movimientos m\u00e1s r\u00e1pidos al nadar. Sin duda, los ba\u00f1adores Turbo est\u00e1n fabricados con los mejores materiales del mercado, lo que los convierte en los mejores ba\u00f1adores del mundo.<\/p>\n<p>\u00a0<\/p>\n<p>Uso recomendado:<\/p>\n<p>Recomendamos usar estos ba\u00f1adores para la pr\u00e1ctica o entrenamiento de waterpolo. Al ajustarse perfectamente al cuerpo, es m\u00e1s dif\u00edcil que el jugador sea agarrado por sus rivales, lo cual es vital en el waterpolo. Adem\u00e1s, nuestros ba\u00f1adores no arrastran agua durante el movimiento, mejorando la movilidad del usuario. Pueden ser utilizados sin problema para nadar o realizar deportes acu\u00e1ticos similares.<\/p>\n<p>\u00a0<\/p>\n<p>Todos los ba\u00f1adores de waterpolo tienen un forro completo en la parte delantera y trasera y un cord\u00f3n ajustable para una mejor adaptabilidad.<\/p>\n<p>\u00a0<\/p>\n<p>No pierdas la oportunidad de adquirir el Ba\u00f1ador Waterpolo Loki Comic Ref: 731378 de CRAWL. \u00a1Compra ahora y disfruta de la mejor calidad y funcionalidad en tus entrenamientos y competiciones!<\/p>\n<p>\u00a0<\/p>\n","protected":false},"excerpt":{"rendered":"<p>Compra el Ba\u00f1ador Waterpolo Loki Comic en CRAWL. Dise\u00f1ado para la pr\u00e1ctica profesional o amateur del waterpolo, resistente al cloro y rayos UV.<\/p>\n<p>Ref: 731378.<\/p>\n<p>\u00a0<\/p>\n","protected":false},"featured_media":5752,"comment_status":"open","ping_status":"closed","template":"","meta":[],"product_cat":[44,29],"product_tag":[],"brands":[{"id":22,"name":"Turbo","slug":"turbo"}],"_links":{"self":[{"href":"https:\/\/crawl.es\/ca\/wp-json\/wp\/v2\/product\/5751"}],"collection":[{"href":"https:\/\/crawl.es\/ca\/wp-json\/wp\/v2\/product"}],"about":[{"href":"https:\/\/crawl.es\/ca\/wp-json\/wp\/v2\/types\/product"}],"replies":[{"embeddable":true,"href":"https:\/\/crawl.es\/ca\/wp-json\/wp\/v2\/comments?post=5751"}],"wp:featuredmedia":[{"embeddable":true,"href":"https:\/\/crawl.es\/ca\/wp-json\/wp\/v2\/media\/5752"}],"wp:attachment":[{"href":"https:\/\/crawl.es\/ca\/wp-json\/wp\/v2\/media?parent=5751"}],"wp:term":[{"taxonomy":"product_cat","embeddable":true,"href":"https:\/\/crawl.es\/ca\/wp-json\/wp\/v2\/product_cat?post=5751"},{"taxonomy":"product_tag","embeddable":true,"href":"https:\/\/crawl.es\/ca\/wp-json\/wp\/v2\/product_tag?post=5751"}],"curies":[{"name":"wp","href":"https:\/\/api.w.org\/{rel}","templated":true}]}}