{"id":6585,"date":"2023-10-18T11:15:49","date_gmt":"2023-10-18T11:15:49","guid":{"rendered":"https:\/\/crawl.es\/?post_type=product&#038;p=6585"},"modified":"2024-12-02T12:24:34","modified_gmt":"2024-12-02T12:24:34","slug":"toalla-rizo-microfibra-145-x100cm-comic-newspaper","status":"publish","type":"product","link":"https:\/\/crawl.es\/ca\/producto\/toalla-rizo-microfibra-145-x100cm-comic-newspaper\/","title":{"rendered":"Toalla Rizo Microfibra Comic-Newspaper (145 x 100cm) | CRAWL"},"content":{"rendered":"<p><span style=\"color: #2b2b2b; font-family: Roboto, sans-serif;\"><span style=\"font-size: 13px; letter-spacing: 0.65px;\">Las toallas Turbo de microfibra tienen un tejido poco habitual que permite un secado mucho m\u00e1s r\u00e1pido y a la vez tiene un tacto m\u00e1s suave y agradable. Disponemos de todos los tama\u00f1os posibles: toallas dobles, individuales, para ni\u00f1os, extra grandes\u2026 Sea como sea, en Turbo tienes una gran variedad de toallas de piscina para elegir, y con estampados coloridos y dise\u00f1os muy variados.<\/span><\/span><\/p>\n<p><span style=\"color: #2b2b2b; font-family: Roboto, sans-serif;\"><span style=\"font-size: 13px; letter-spacing: 0.65px;\">\u00a0<\/span><\/span><\/p>\n<p><span style=\"color: #2b2b2b; font-family: Roboto, sans-serif;\"><span style=\"font-size: 13px; letter-spacing: 0.65px;\">Caracter\u00edsticas destacables:<\/span><\/span><\/p>\n<p><span style=\"color: #2b2b2b; font-family: Roboto, sans-serif;\"><span style=\"font-size: 13px; letter-spacing: 0.65px;\">&#8211; Material: Microfibra de alta calidad.<\/span><\/span><\/p>\n<p><span style=\"color: #2b2b2b; font-family: Roboto, sans-serif;\"><span style=\"font-size: 13px; letter-spacing: 0.65px;\">&#8211; Secado r\u00e1pido: Tejido que permite un secado mucho m\u00e1s r\u00e1pido.<\/span><\/span><\/p>\n<p><span style=\"color: #2b2b2b; font-family: Roboto, sans-serif;\"><span style=\"font-size: 13px; letter-spacing: 0.65px;\">&#8211; Tacto suave: Muy agradable al contacto con la piel.<\/span><\/span><\/p>\n<p><span style=\"color: #2b2b2b; font-family: Roboto, sans-serif;\"><span style=\"font-size: 13px; letter-spacing: 0.65px;\">&#8211; Variedad de tama\u00f1os: Dobles, individuales, para ni\u00f1os, extra grandes.<\/span><\/span><\/p>\n<p><span style=\"color: #2b2b2b; font-family: Roboto, sans-serif;\"><span style=\"font-size: 13px; letter-spacing: 0.65px;\">&#8211; Estampados coloridos: Dise\u00f1os variados y atractivos.<\/span><\/span><\/p>\n<p><span style=\"color: #2b2b2b; font-family: Roboto, sans-serif;\"><span style=\"font-size: 13px; letter-spacing: 0.65px;\">\u00a0<\/span><\/span><\/p>\n<p><span style=\"color: #2b2b2b; font-family: Roboto, sans-serif;\"><span style=\"font-size: 13px; letter-spacing: 0.65px;\">Uso recomendado:<\/span><\/span><\/p>\n<p><span style=\"color: #2b2b2b; font-family: Roboto, sans-serif;\"><span style=\"font-size: 13px; letter-spacing: 0.65px;\">Perfectas para nadadores y personas activas que buscan una toalla de alta calidad con r\u00e1pido secado y tacto suave. Ideal para la piscina, la playa o el gimnasio.<\/span><\/span><\/p>\n<p><span style=\"color: #2b2b2b; font-family: Roboto, sans-serif;\"><span style=\"font-size: 13px; letter-spacing: 0.65px;\">\u00a0<\/span><\/span><\/p>\n<p><span style=\"color: #2b2b2b; font-family: Roboto, sans-serif;\"><span style=\"font-size: 13px; letter-spacing: 0.65px;\">No pierdas la oportunidad de adquirir la Toalla Rizo Microfibra Comic-Newspaper (145 x 100cm) de CRAWL. \u00a1Compra ahora y disfruta de la mejor calidad en tus actividades acu\u00e1ticas!<\/span><\/span><\/p>\n","protected":false},"excerpt":{"rendered":"<p>Compra la Toalla Rizo Microfibra Comic-Newspaper (145 x 100cm) en CRAWL. Secado r\u00e1pido y tacto suave. Gran variedad de estampados y tama\u00f1os.<\/p>\n<p>\u00a0<\/p>\n","protected":false},"featured_media":6586,"comment_status":"open","ping_status":"closed","template":"","meta":[],"product_cat":[21,68],"product_tag":[],"brands":[{"id":22,"name":"Turbo","slug":"turbo"}],"_links":{"self":[{"href":"https:\/\/crawl.es\/ca\/wp-json\/wp\/v2\/product\/6585"}],"collection":[{"href":"https:\/\/crawl.es\/ca\/wp-json\/wp\/v2\/product"}],"about":[{"href":"https:\/\/crawl.es\/ca\/wp-json\/wp\/v2\/types\/product"}],"replies":[{"embeddable":true,"href":"https:\/\/crawl.es\/ca\/wp-json\/wp\/v2\/comments?post=6585"}],"wp:featuredmedia":[{"embeddable":true,"href":"https:\/\/crawl.es\/ca\/wp-json\/wp\/v2\/media\/6586"}],"wp:attachment":[{"href":"https:\/\/crawl.es\/ca\/wp-json\/wp\/v2\/media?parent=6585"}],"wp:term":[{"taxonomy":"product_cat","embeddable":true,"href":"https:\/\/crawl.es\/ca\/wp-json\/wp\/v2\/product_cat?post=6585"},{"taxonomy":"product_tag","embeddable":true,"href":"https:\/\/crawl.es\/ca\/wp-json\/wp\/v2\/product_tag?post=6585"}],"curies":[{"name":"wp","href":"https:\/\/api.w.org\/{rel}","templated":true}]}}