{"id":6799,"date":"2023-11-24T18:10:30","date_gmt":"2023-11-24T18:10:30","guid":{"rendered":"https:\/\/crawl.es\/?post_type=product&#038;p=6799"},"modified":"2024-12-20T12:19:29","modified_gmt":"2024-12-20T12:19:29","slug":"banador-waterpolo-feather-nz-ref-731559","status":"publish","type":"product","link":"https:\/\/crawl.es\/ca\/producto\/banador-waterpolo-feather-nz-ref-731559\/","title":{"rendered":"Ba\u00f1ador Turbo Waterpolo Blauer | CRAWL"},"content":{"rendered":"<p>El ba\u00f1ador de waterpolo Turbo para hombre est\u00e1 especialmente dise\u00f1ado para la pr\u00e1ctica profesional o amateur del waterpolo. Con m\u00e1s de 50 a\u00f1os de experiencia, se ha creado un patr\u00f3n extremadamente c\u00f3modo que se adapta perfectamente al cuerpo, proporcionando comodidad y sensaci\u00f3n de ligereza. Estos ba\u00f1adores facilitan la movilidad en el agua, evitando el arrastre del agua y permitiendo un movimiento m\u00e1s r\u00e1pido al nadar. Utilizando siempre los materiales de mayor calidad del mercado, los ba\u00f1adores Turbo son considerados los mejores del mundo.<\/p>\n<p>\u00a0<\/p>\n<p>Caracter\u00edsticas destacables:<\/p>\n<p>&#8211; Costuras reforzadas.<\/p>\n<p>&#8211; Forro delantero completo.<\/p>\n<p>&#8211; Resistente al cloro y a los rayos UV.<\/p>\n<p>&#8211; Colores duraderos.<\/p>\n<p>&#8211; Composici\u00f3n: 55% poli\u00e9ster PBT, 45% poli\u00e9ster.<\/p>\n<p>\u00a0<\/p>\n<p>Uso recomendado:<\/p>\n<p>&#8211; Ba\u00f1ador perfecto para la pr\u00e1ctica del waterpolo como ba\u00f1ador de entrenamiento. Gracias a su gran adaptabilidad al cuerpo, dificulta que el waterpolista sea agarrado por sus rivales y no arrastra agua durante el movimiento, mejorando la movilidad del nadador. Ideal tambi\u00e9n para la nataci\u00f3n o deportes acu\u00e1ticos similares.<\/p>\n<p>\u00a0<\/p>\n<p>*Este art\u00edculo tiene un tallaje m\u00e1s peque\u00f1o de lo habitual, por lo que recomendamos optar por una talla superior a lo habitual.<\/p>\n<p>\u00a0<\/p>\n<p>No pierdas la oportunidad de adquirir el Turbo Ba\u00f1ador Waterpolo Blauer de CRAWL. \u00a1Compra ahora y disfruta de la mejor calidad en tus actividades acu\u00e1ticas!<\/p>\n<p>\u00a0<\/p>\n","protected":false},"excerpt":{"rendered":"<p>Compra el Turbo Ba\u00f1ador Waterpolo Blauer en CRAWL. Dise\u00f1o profesional, resistente al cloro y a los rayos UV.<\/p>\n<p>Ref: 731748.<\/p>\n<p>\u00a0<\/p>\n","protected":false},"featured_media":8414,"comment_status":"open","ping_status":"closed","template":"","meta":[],"product_cat":[44,29],"product_tag":[],"brands":[{"id":22,"name":"Turbo","slug":"turbo"}],"_links":{"self":[{"href":"https:\/\/crawl.es\/ca\/wp-json\/wp\/v2\/product\/6799"}],"collection":[{"href":"https:\/\/crawl.es\/ca\/wp-json\/wp\/v2\/product"}],"about":[{"href":"https:\/\/crawl.es\/ca\/wp-json\/wp\/v2\/types\/product"}],"replies":[{"embeddable":true,"href":"https:\/\/crawl.es\/ca\/wp-json\/wp\/v2\/comments?post=6799"}],"wp:featuredmedia":[{"embeddable":true,"href":"https:\/\/crawl.es\/ca\/wp-json\/wp\/v2\/media\/8414"}],"wp:attachment":[{"href":"https:\/\/crawl.es\/ca\/wp-json\/wp\/v2\/media?parent=6799"}],"wp:term":[{"taxonomy":"product_cat","embeddable":true,"href":"https:\/\/crawl.es\/ca\/wp-json\/wp\/v2\/product_cat?post=6799"},{"taxonomy":"product_tag","embeddable":true,"href":"https:\/\/crawl.es\/ca\/wp-json\/wp\/v2\/product_tag?post=6799"}],"curies":[{"name":"wp","href":"https:\/\/api.w.org\/{rel}","templated":true}]}}