{"id":6804,"date":"2023-11-24T18:16:57","date_gmt":"2023-11-24T18:16:57","guid":{"rendered":"https:\/\/crawl.es\/?post_type=product&#038;p=6804"},"modified":"2024-12-03T09:19:18","modified_gmt":"2024-12-03T09:19:18","slug":"banador-waterpolo-fiction-polo-ref-731597","status":"publish","type":"product","link":"https:\/\/crawl.es\/ca\/producto\/banador-waterpolo-fiction-polo-ref-731597\/","title":{"rendered":"Ba\u00f1ador Waterpolo Turbo Fiction Polo | Crawl"},"content":{"rendered":"<p style=\"box-sizing: border-box; --tw-translate-x: 0; --tw-translate-y: 0; --tw-rotate: 0; --tw-skew-x: 0; --tw-skew-y: 0; --tw-scale-x: 1; --tw-scale-y: 1; --tw-transform: translateX(var(--tw-translate-x)) translateY(var(--tw-translate-y)) rotate(var(--tw-rotate)) skewX(var(--tw-skew-x)) skewY(var(--tw-skew-y)) scaleX(var(--tw-scale-x)) scaleY(var(--tw-scale-y)); border-color: currentcolor; margin: 0px 0px 10px; padding: 0px; color: #2b2b2b; font-family: Roboto, sans-serif; font-size: 13px; letter-spacing: 0.65px;\"><span style=\"box-sizing: border-box; --tw-translate-x: 0; --tw-translate-y: 0; --tw-rotate: 0; --tw-skew-x: 0; --tw-skew-y: 0; --tw-scale-x: 1; --tw-scale-y: 1; --tw-transform: translateX(var(--tw-translate-x)) translateY(var(--tw-translate-y)) rotate(var(--tw-rotate)) skewX(var(--tw-skew-x)) skewY(var(--tw-skew-y)) scaleX(var(--tw-scale-x)) scaleY(var(--tw-scale-y)); border-color: currentcolor; vertical-align: inherit;\">El ba\u00f1ador de waterpolo Turbo para hombre est\u00e1 especialmente dise\u00f1ado para la pr\u00e1ctica profesional o amateur del waterpolo.<\/span><\/p>\n<p style=\"box-sizing: border-box; --tw-translate-x: 0; --tw-translate-y: 0; --tw-rotate: 0; --tw-skew-x: 0; --tw-skew-y: 0; --tw-scale-x: 1; --tw-scale-y: 1; --tw-transform: translateX(var(--tw-translate-x)) translateY(var(--tw-translate-y)) rotate(var(--tw-rotate)) skewX(var(--tw-skew-x)) skewY(var(--tw-skew-y)) scaleX(var(--tw-scale-x)) scaleY(var(--tw-scale-y)); border-color: currentcolor; margin: 0px 0px 10px; padding: 0px; color: #2b2b2b; font-family: Roboto, sans-serif; font-size: 13px; letter-spacing: 0.65px;\">Son ba\u00f1adores pensados para ser utilizados durante los entrenamientos o partidos de waterpolo. Tras m\u00e1s de 50 a\u00f1os de experiencia, se ha dise\u00f1ado un patr\u00f3n extremadamente c\u00f3modo, que se adapta perfectamente al cuerpo, aportando as\u00ed comodidad y sensaci\u00f3n de ligereza.<\/p>\n<p style=\"box-sizing: border-box; --tw-translate-x: 0; --tw-translate-y: 0; --tw-rotate: 0; --tw-skew-x: 0; --tw-skew-y: 0; --tw-scale-x: 1; --tw-scale-y: 1; --tw-transform: translateX(var(--tw-translate-x)) translateY(var(--tw-translate-y)) rotate(var(--tw-rotate)) skewX(var(--tw-skew-x)) skewY(var(--tw-skew-y)) scaleX(var(--tw-scale-x)) scaleY(var(--tw-scale-y)); border-color: currentcolor; margin: 0px 0px 10px; padding: 0px; color: #2b2b2b; font-family: Roboto, sans-serif; font-size: 13px; letter-spacing: 0.65px;\"><span style=\"box-sizing: border-box; --tw-translate-x: 0; --tw-translate-y: 0; --tw-rotate: 0; --tw-skew-x: 0; --tw-skew-y: 0; --tw-scale-x: 1; --tw-scale-y: 1; --tw-transform: translateX(var(--tw-translate-x)) translateY(var(--tw-translate-y)) rotate(var(--tw-rotate)) skewX(var(--tw-skew-x)) skewY(var(--tw-skew-y)) scaleX(var(--tw-scale-x)) scaleY(var(--tw-scale-y)); border-color: currentcolor; vertical-align: inherit;\">De esta forma, los ba\u00f1adores de waterpolo facilitan la movilidad en el agua, evitando el arrastre del agua y permitiendo un movimiento m\u00e1s r\u00e1pido al nadar.<\/span><\/p>\n<p style=\"box-sizing: border-box; --tw-translate-x: 0; --tw-translate-y: 0; --tw-rotate: 0; --tw-skew-x: 0; --tw-skew-y: 0; --tw-scale-x: 1; --tw-scale-y: 1; --tw-transform: translateX(var(--tw-translate-x)) translateY(var(--tw-translate-y)) rotate(var(--tw-rotate)) skewX(var(--tw-skew-x)) skewY(var(--tw-skew-y)) scaleX(var(--tw-scale-x)) scaleY(var(--tw-scale-y)); border-color: currentcolor; margin: 0px 0px 10px; padding: 0px; color: #2b2b2b; font-family: Roboto, sans-serif; font-size: 13px; letter-spacing: 0.65px;\"><span style=\"box-sizing: border-box; --tw-translate-x: 0; --tw-translate-y: 0; --tw-rotate: 0; --tw-skew-x: 0; --tw-skew-y: 0; --tw-scale-x: 1; --tw-scale-y: 1; --tw-transform: translateX(var(--tw-translate-x)) translateY(var(--tw-translate-y)) rotate(var(--tw-rotate)) skewX(var(--tw-skew-x)) skewY(var(--tw-skew-y)) scaleX(var(--tw-scale-x)) scaleY(var(--tw-scale-y)); border-color: currentcolor; vertical-align: inherit;\">Pero sin duda, los ba\u00f1adores Turbo son de la mejor calidad, utilizando siempre los materiales de mayor calidad del mercado.<\/span><\/p>\n<p style=\"box-sizing: border-box; --tw-translate-x: 0; --tw-translate-y: 0; --tw-rotate: 0; --tw-skew-x: 0; --tw-skew-y: 0; --tw-scale-x: 1; --tw-scale-y: 1; --tw-transform: translateX(var(--tw-translate-x)) translateY(var(--tw-translate-y)) rotate(var(--tw-rotate)) skewX(var(--tw-skew-x)) skewY(var(--tw-skew-y)) scaleX(var(--tw-scale-x)) scaleY(var(--tw-scale-y)); border-color: currentcolor; margin: 0px 0px 10px; padding: 0px; color: #2b2b2b; font-family: Roboto, sans-serif; font-size: 13px; letter-spacing: 0.65px;\">Esto es lo que los convierte en los mejores ba\u00f1adores del mundo.<\/p>\n<h2 style=\"box-sizing: border-box; --tw-translate-x: 0; --tw-translate-y: 0; --tw-rotate: 0; --tw-skew-x: 0; --tw-skew-y: 0; --tw-scale-x: 1; --tw-scale-y: 1; --tw-transform: translateX(var(--tw-translate-x)) translateY(var(--tw-translate-y)) rotate(var(--tw-rotate)) skewX(var(--tw-skew-x)) skewY(var(--tw-skew-y)) scaleX(var(--tw-scale-x)) scaleY(var(--tw-scale-y)); border-color: currentcolor; font-family: 'Futura Md BT'; font-weight: 500; line-height: 1.1; color: #000000; margin: 0px; font-size: 18px; padding: 0px 0px 0.75em; letter-spacing: 0.65px;\"><span style=\"box-sizing: border-box; --tw-translate-x: 0; --tw-translate-y: 0; --tw-rotate: 0; --tw-skew-x: 0; --tw-skew-y: 0; --tw-scale-x: 1; --tw-scale-y: 1; --tw-transform: translateX(var(--tw-translate-x)) translateY(var(--tw-translate-y)) rotate(var(--tw-rotate)) skewX(var(--tw-skew-x)) skewY(var(--tw-skew-y)) scaleX(var(--tw-scale-x)) scaleY(var(--tw-scale-y)); border-color: currentcolor; display: inline-block; vertical-align: inherit;\"><span style=\"box-sizing: border-box; --tw-translate-x: 0; --tw-translate-y: 0; --tw-rotate: 0; --tw-skew-x: 0; --tw-skew-y: 0; --tw-scale-x: 1; --tw-scale-y: 1; --tw-transform: translateX(var(--tw-translate-x)) translateY(var(--tw-translate-y)) rotate(var(--tw-rotate)) skewX(var(--tw-skew-x)) skewY(var(--tw-skew-y)) scaleX(var(--tw-scale-x)) scaleY(var(--tw-scale-y)); border-color: currentcolor; display: inline-block; vertical-align: inherit;\"><span style=\"box-sizing: border-box; --tw-translate-x: 0; --tw-translate-y: 0; --tw-rotate: 0; --tw-skew-x: 0; --tw-skew-y: 0; --tw-scale-x: 1; --tw-scale-y: 1; --tw-transform: translateX(var(--tw-translate-x)) translateY(var(--tw-translate-y)) rotate(var(--tw-rotate)) skewX(var(--tw-skew-x)) skewY(var(--tw-skew-y)) scaleX(var(--tw-scale-x)) scaleY(var(--tw-scale-y)); border-color: currentcolor; display: inline-block; vertical-align: inherit;\"><span style=\"box-sizing: border-box; --tw-translate-x: 0; --tw-translate-y: 0; --tw-rotate: 0; --tw-skew-x: 0; --tw-skew-y: 0; --tw-scale-x: 1; --tw-scale-y: 1; --tw-transform: translateX(var(--tw-translate-x)) translateY(var(--tw-translate-y)) rotate(var(--tw-rotate)) skewX(var(--tw-skew-x)) skewY(var(--tw-skew-y)) scaleX(var(--tw-scale-x)) scaleY(var(--tw-scale-y)); border-color: currentcolor; display: inline-block; vertical-align: inherit;\">Caracter\u00edsticas de un ba\u00f1ador de waterpolo Turbo para hombre<\/span><\/span><\/span><\/span><\/h2>\n<p style=\"box-sizing: border-box; --tw-translate-x: 0; --tw-translate-y: 0; --tw-rotate: 0; --tw-skew-x: 0; --tw-skew-y: 0; --tw-scale-x: 1; --tw-scale-y: 1; --tw-transform: translateX(var(--tw-translate-x)) translateY(var(--tw-translate-y)) rotate(var(--tw-rotate)) skewX(var(--tw-skew-x)) skewY(var(--tw-skew-y)) scaleX(var(--tw-scale-x)) scaleY(var(--tw-scale-y)); border-color: currentcolor; margin: 0px 0px 10px; padding: 0px; color: #2b2b2b; font-family: Roboto, sans-serif; font-size: 13px; letter-spacing: 0.65px;\">Un ba\u00f1ador de hombre apto para la pr\u00e1ctica profesional del waterpolo tiene que ser de primera calidad y siempre con tejido anticloro. La calidad de los materiales, la adherencia del traje al cuerpo y su ergonom\u00eda son aspectos fundamentales.<\/p>\n<p style=\"box-sizing: border-box; --tw-translate-x: 0; --tw-translate-y: 0; --tw-rotate: 0; --tw-skew-x: 0; --tw-skew-y: 0; --tw-scale-x: 1; --tw-scale-y: 1; --tw-transform: translateX(var(--tw-translate-x)) translateY(var(--tw-translate-y)) rotate(var(--tw-rotate)) skewX(var(--tw-skew-x)) skewY(var(--tw-skew-y)) scaleX(var(--tw-scale-x)) scaleY(var(--tw-scale-y)); border-color: currentcolor; margin: 0px 0px 10px; padding: 0px; color: #2b2b2b; font-family: Roboto, sans-serif; font-size: 13px; letter-spacing: 0.65px;\">Por eso, los ba\u00f1adores de waterpolo Turbo para hombre no solo est\u00e1n confeccionados con los mejores materiales, sino que tambi\u00e9n cuentan con costuras reforzadas y una doble capa de tejido para favorecer la durabilidad en el tiempo. Adem\u00e1s, por supuesto, son ba\u00f1adores dise\u00f1ados para ser resistentes al cloro y a los rayos UV.<\/p>\n<p style=\"box-sizing: border-box; --tw-translate-x: 0; --tw-translate-y: 0; --tw-rotate: 0; --tw-skew-x: 0; --tw-skew-y: 0; --tw-scale-x: 1; --tw-scale-y: 1; --tw-transform: translateX(var(--tw-translate-x)) translateY(var(--tw-translate-y)) rotate(var(--tw-rotate)) skewX(var(--tw-skew-x)) skewY(var(--tw-skew-y)) scaleX(var(--tw-scale-x)) scaleY(var(--tw-scale-y)); border-color: currentcolor; margin: 0px 0px 10px; padding: 0px; color: #2b2b2b; font-family: Roboto, sans-serif; font-size: 13px; letter-spacing: 0.65px;\"><span style=\"box-sizing: border-box; --tw-translate-x: 0; --tw-translate-y: 0; --tw-rotate: 0; --tw-skew-x: 0; --tw-skew-y: 0; --tw-scale-x: 1; --tw-scale-y: 1; --tw-transform: translateX(var(--tw-translate-x)) translateY(var(--tw-translate-y)) rotate(var(--tw-rotate)) skewX(var(--tw-skew-x)) skewY(var(--tw-skew-y)) scaleX(var(--tw-scale-x)) scaleY(var(--tw-scale-y)); border-color: currentcolor; vertical-align: inherit;\">De esta forma, los colores mantienen su vitalidad durante mucho tiempo sin sufrir desgaste.<\/span><\/p>\n<p style=\"box-sizing: border-box; --tw-translate-x: 0; --tw-translate-y: 0; --tw-rotate: 0; --tw-skew-x: 0; --tw-skew-y: 0; --tw-scale-x: 1; --tw-scale-y: 1; --tw-transform: translateX(var(--tw-translate-x)) translateY(var(--tw-translate-y)) rotate(var(--tw-rotate)) skewX(var(--tw-skew-x)) skewY(var(--tw-skew-y)) scaleX(var(--tw-scale-x)) scaleY(var(--tw-scale-y)); border-color: currentcolor; margin: 0px 0px 10px; padding: 0px; color: #2b2b2b; font-family: Roboto, sans-serif; font-size: 13px; letter-spacing: 0.65px;\">\u00a0<\/p>\n<h2 style=\"box-sizing: border-box; --tw-translate-x: 0; --tw-translate-y: 0; --tw-rotate: 0; --tw-skew-x: 0; --tw-skew-y: 0; --tw-scale-x: 1; --tw-scale-y: 1; --tw-transform: translateX(var(--tw-translate-x)) translateY(var(--tw-translate-y)) rotate(var(--tw-rotate)) skewX(var(--tw-skew-x)) skewY(var(--tw-skew-y)) scaleX(var(--tw-scale-x)) scaleY(var(--tw-scale-y)); border-color: currentcolor; font-family: 'Futura Md BT'; font-weight: 500; line-height: 1.1; color: #000000; margin: 0px; font-size: 18px; padding: 0px 0px 0.75em; letter-spacing: 0.65px;\"><span style=\"box-sizing: border-box; --tw-translate-x: 0; --tw-translate-y: 0; --tw-rotate: 0; --tw-skew-x: 0; --tw-skew-y: 0; --tw-scale-x: 1; --tw-scale-y: 1; --tw-transform: translateX(var(--tw-translate-x)) translateY(var(--tw-translate-y)) rotate(var(--tw-rotate)) skewX(var(--tw-skew-x)) skewY(var(--tw-skew-y)) scaleX(var(--tw-scale-x)) scaleY(var(--tw-scale-y)); border-color: currentcolor; display: inline-block; vertical-align: inherit;\"><span style=\"box-sizing: border-box; --tw-translate-x: 0; --tw-translate-y: 0; --tw-rotate: 0; --tw-skew-x: 0; --tw-skew-y: 0; --tw-scale-x: 1; --tw-scale-y: 1; --tw-transform: translateX(var(--tw-translate-x)) translateY(var(--tw-translate-y)) rotate(var(--tw-rotate)) skewX(var(--tw-skew-x)) skewY(var(--tw-skew-y)) scaleX(var(--tw-scale-x)) scaleY(var(--tw-scale-y)); border-color: currentcolor; display: inline-block; vertical-align: inherit;\"><span style=\"box-sizing: border-box; --tw-translate-x: 0; --tw-translate-y: 0; --tw-rotate: 0; --tw-skew-x: 0; --tw-skew-y: 0; --tw-scale-x: 1; --tw-scale-y: 1; --tw-transform: translateX(var(--tw-translate-x)) translateY(var(--tw-translate-y)) rotate(var(--tw-rotate)) skewX(var(--tw-skew-x)) skewY(var(--tw-skew-y)) scaleX(var(--tw-scale-x)) scaleY(var(--tw-scale-y)); border-color: currentcolor; display: inline-block; vertical-align: inherit;\"><span style=\"box-sizing: border-box; --tw-translate-x: 0; --tw-translate-y: 0; --tw-rotate: 0; --tw-skew-x: 0; --tw-skew-y: 0; --tw-scale-x: 1; --tw-scale-y: 1; --tw-transform: translateX(var(--tw-translate-x)) translateY(var(--tw-translate-y)) rotate(var(--tw-rotate)) skewX(var(--tw-skew-x)) skewY(var(--tw-skew-y)) scaleX(var(--tw-scale-x)) scaleY(var(--tw-scale-y)); border-color: currentcolor; display: inline-block; vertical-align: inherit;\">Uso recomendado de ba\u00f1ador para waterpolo<\/span><\/span><\/span><\/span><\/h2>\n<p style=\"box-sizing: border-box; --tw-translate-x: 0; --tw-translate-y: 0; --tw-rotate: 0; --tw-skew-x: 0; --tw-skew-y: 0; --tw-scale-x: 1; --tw-scale-y: 1; --tw-transform: translateX(var(--tw-translate-x)) translateY(var(--tw-translate-y)) rotate(var(--tw-rotate)) skewX(var(--tw-skew-x)) skewY(var(--tw-skew-y)) scaleX(var(--tw-scale-x)) scaleY(var(--tw-scale-y)); border-color: currentcolor; margin: 0px 0px 10px; padding: 0px; color: #2b2b2b; font-family: Roboto, sans-serif; font-size: 13px; letter-spacing: 0.65px;\">Desde Turbo recomendamos utilizar la braguita para practicar waterpolo o entrenar nataci\u00f3n. Al estar perfectamente ajustado al cuerpo, dificulta que el waterpolista sea agarrado por sus rivales, algo de vital importancia. Adem\u00e1s de esto, nuestros ba\u00f1adores no arrastran agua durante el movimiento, mejorando la movilidad del hombre que los utiliza. Es por ello que se pueden utilizar sin ning\u00fan problema para la nataci\u00f3n o deportes acu\u00e1ticos similares.<\/p>\n<p style=\"box-sizing: border-box; --tw-translate-x: 0; --tw-translate-y: 0; --tw-rotate: 0; --tw-skew-x: 0; --tw-skew-y: 0; --tw-scale-x: 1; --tw-scale-y: 1; --tw-transform: translateX(var(--tw-translate-x)) translateY(var(--tw-translate-y)) rotate(var(--tw-rotate)) skewX(var(--tw-skew-x)) skewY(var(--tw-skew-y)) scaleX(var(--tw-scale-x)) scaleY(var(--tw-scale-y)); border-color: currentcolor; margin: 0px 0px 10px; padding: 0px; color: #2b2b2b; font-family: Roboto, sans-serif; font-size: 13px; letter-spacing: 0.65px;\"><span style=\"box-sizing: border-box; --tw-translate-x: 0; --tw-translate-y: 0; --tw-rotate: 0; --tw-skew-x: 0; --tw-skew-y: 0; --tw-scale-x: 1; --tw-scale-y: 1; --tw-transform: translateX(var(--tw-translate-x)) translateY(var(--tw-translate-y)) rotate(var(--tw-rotate)) skewX(var(--tw-skew-x)) skewY(var(--tw-skew-y)) scaleX(var(--tw-scale-x)) scaleY(var(--tw-scale-y)); border-color: currentcolor; vertical-align: inherit;\">Adem\u00e1s, todos los ba\u00f1adores de waterpolo tienen un forro completo en la parte delantera y trasera y un cord\u00f3n ajustable para una mejor adaptabilidad.<\/span><\/p>\n","protected":false},"excerpt":{"rendered":"<p>Destaca en el agua con el ba\u00f1ador Turbo Waterpolo Fiction Polo. Con un dise\u00f1o innovador y tejidos de alto rendimiento, ofrece la m\u00e1xima comodidad y durabilidad para tus entrenamientos y competiciones.<br \/>Referencia: 731597<\/p>\n","protected":false},"featured_media":6805,"comment_status":"open","ping_status":"closed","template":"","meta":[],"product_cat":[44,29],"product_tag":[],"brands":[{"id":22,"name":"Turbo","slug":"turbo"}],"_links":{"self":[{"href":"https:\/\/crawl.es\/ca\/wp-json\/wp\/v2\/product\/6804"}],"collection":[{"href":"https:\/\/crawl.es\/ca\/wp-json\/wp\/v2\/product"}],"about":[{"href":"https:\/\/crawl.es\/ca\/wp-json\/wp\/v2\/types\/product"}],"replies":[{"embeddable":true,"href":"https:\/\/crawl.es\/ca\/wp-json\/wp\/v2\/comments?post=6804"}],"wp:featuredmedia":[{"embeddable":true,"href":"https:\/\/crawl.es\/ca\/wp-json\/wp\/v2\/media\/6805"}],"wp:attachment":[{"href":"https:\/\/crawl.es\/ca\/wp-json\/wp\/v2\/media?parent=6804"}],"wp:term":[{"taxonomy":"product_cat","embeddable":true,"href":"https:\/\/crawl.es\/ca\/wp-json\/wp\/v2\/product_cat?post=6804"},{"taxonomy":"product_tag","embeddable":true,"href":"https:\/\/crawl.es\/ca\/wp-json\/wp\/v2\/product_tag?post=6804"}],"curies":[{"name":"wp","href":"https:\/\/api.w.org\/{rel}","templated":true}]}}