{"id":6866,"date":"2023-11-29T17:39:19","date_gmt":"2023-11-29T17:39:19","guid":{"rendered":"https:\/\/crawl.es\/?post_type=product&#038;p=6866"},"modified":"2024-11-29T12:00:56","modified_gmt":"2024-11-29T12:00:56","slug":"banador-boxer-happy-kids-darky-sea-ref-7313431622","status":"publish","type":"product","link":"https:\/\/crawl.es\/ca\/producto\/banador-boxer-happy-kids-darky-sea-ref-7313431622\/","title":{"rendered":"Ba\u00f1ador Boxer Happy Kids &#8211; Darky Sea | CRAWL"},"content":{"rendered":"<p style=\"box-sizing: border-box; --tw-translate-x: 0; --tw-translate-y: 0; --tw-rotate: 0; --tw-skew-x: 0; --tw-skew-y: 0; --tw-scale-x: 1; --tw-scale-y: 1; --tw-transform: translateX(var(--tw-translate-x)) translateY(var(--tw-translate-y)) rotate(var(--tw-rotate)) skewX(var(--tw-skew-x)) skewY(var(--tw-skew-y)) scaleX(var(--tw-scale-x)) scaleY(var(--tw-scale-y)); border-color: currentcolor; margin: 0px 0px 10px; padding: 0px; color: #2b2b2b; font-family: Roboto, sans-serif; font-size: 13px; letter-spacing: 0.65px;\"><span style=\"color: #2b2b2b; font-family: Roboto, sans-serif;\"><span style=\"font-size: 13px; letter-spacing: 0.65px;\">Los ba\u00f1adores de ni\u00f1o Turbo est\u00e1n especialmente dise\u00f1ados para los m\u00e1s peque\u00f1os de la casa. Est\u00e1n confeccionados con materiales que garantizan el confort durante el uso, al mismo tiempo que aseguran una durabilidad extrema. Est\u00e1n fabricados y pensados para un uso intensivo en la pr\u00e1ctica de la nataci\u00f3n y otros deportes acu\u00e1ticos como el waterpolo, triatl\u00f3n, nataci\u00f3n sincronizada, etc.<\/span><\/span><\/p>\n<p style=\"box-sizing: border-box; --tw-translate-x: 0; --tw-translate-y: 0; --tw-rotate: 0; --tw-skew-x: 0; --tw-skew-y: 0; --tw-scale-x: 1; --tw-scale-y: 1; --tw-transform: translateX(var(--tw-translate-x)) translateY(var(--tw-translate-y)) rotate(var(--tw-rotate)) skewX(var(--tw-skew-x)) skewY(var(--tw-skew-y)) scaleX(var(--tw-scale-x)) scaleY(var(--tw-scale-y)); border-color: currentcolor; margin: 0px 0px 10px; padding: 0px; color: #2b2b2b; font-family: Roboto, sans-serif; font-size: 13px; letter-spacing: 0.65px;\"><span style=\"color: #2b2b2b; font-family: Roboto, sans-serif;\"><span style=\"font-size: 13px; letter-spacing: 0.65px;\">\u00a0<\/span><\/span><\/p>\n<p style=\"box-sizing: border-box; --tw-translate-x: 0; --tw-translate-y: 0; --tw-rotate: 0; --tw-skew-x: 0; --tw-skew-y: 0; --tw-scale-x: 1; --tw-scale-y: 1; --tw-transform: translateX(var(--tw-translate-x)) translateY(var(--tw-translate-y)) rotate(var(--tw-rotate)) skewX(var(--tw-skew-x)) skewY(var(--tw-skew-y)) scaleX(var(--tw-scale-x)) scaleY(var(--tw-scale-y)); border-color: currentcolor; margin: 0px 0px 10px; padding: 0px; color: #2b2b2b; font-family: Roboto, sans-serif; font-size: 13px; letter-spacing: 0.65px;\"><span style=\"color: #2b2b2b; font-family: Roboto, sans-serif;\"><span style=\"font-size: 13px; letter-spacing: 0.65px;\">Si est\u00e1s buscando un ba\u00f1ador para ni\u00f1o de calidad, sin duda Turbo es la marca de ba\u00f1adores infantiles que necesitas. Disponemos de un gran recorrido en la fabricaci\u00f3n de ba\u00f1adores para ni\u00f1os, con m\u00e1s de 60 a\u00f1os de experiencia que nos avalan como uno de los grandes l\u00edderes a nivel mundial en este sector.<\/span><\/span><\/p>\n<p style=\"box-sizing: border-box; --tw-translate-x: 0; --tw-translate-y: 0; --tw-rotate: 0; --tw-skew-x: 0; --tw-skew-y: 0; --tw-scale-x: 1; --tw-scale-y: 1; --tw-transform: translateX(var(--tw-translate-x)) translateY(var(--tw-translate-y)) rotate(var(--tw-rotate)) skewX(var(--tw-skew-x)) skewY(var(--tw-skew-y)) scaleX(var(--tw-scale-x)) scaleY(var(--tw-scale-y)); border-color: currentcolor; margin: 0px 0px 10px; padding: 0px; color: #2b2b2b; font-family: Roboto, sans-serif; font-size: 13px; letter-spacing: 0.65px;\"><span style=\"color: #2b2b2b; font-family: Roboto, sans-serif;\"><span style=\"font-size: 13px; letter-spacing: 0.65px;\">\u00a0<\/span><\/span><\/p>\n<p style=\"box-sizing: border-box; --tw-translate-x: 0; --tw-translate-y: 0; --tw-rotate: 0; --tw-skew-x: 0; --tw-skew-y: 0; --tw-scale-x: 1; --tw-scale-y: 1; --tw-transform: translateX(var(--tw-translate-x)) translateY(var(--tw-translate-y)) rotate(var(--tw-rotate)) skewX(var(--tw-skew-x)) skewY(var(--tw-skew-y)) scaleX(var(--tw-scale-x)) scaleY(var(--tw-scale-y)); border-color: currentcolor; margin: 0px 0px 10px; padding: 0px; color: #2b2b2b; font-family: Roboto, sans-serif; font-size: 13px; letter-spacing: 0.65px;\"><span style=\"color: #2b2b2b; font-family: Roboto, sans-serif;\"><span style=\"font-size: 13px; letter-spacing: 0.65px;\">Caracter\u00edsticas destacables:<\/span><\/span><\/p>\n<p style=\"box-sizing: border-box; --tw-translate-x: 0; --tw-translate-y: 0; --tw-rotate: 0; --tw-skew-x: 0; --tw-skew-y: 0; --tw-scale-x: 1; --tw-scale-y: 1; --tw-transform: translateX(var(--tw-translate-x)) translateY(var(--tw-translate-y)) rotate(var(--tw-rotate)) skewX(var(--tw-skew-x)) skewY(var(--tw-skew-y)) scaleX(var(--tw-scale-x)) scaleY(var(--tw-scale-y)); border-color: currentcolor; margin: 0px 0px 10px; padding: 0px; color: #2b2b2b; font-family: Roboto, sans-serif; font-size: 13px; letter-spacing: 0.65px;\"><span style=\"color: #2b2b2b; font-family: Roboto, sans-serif;\"><span style=\"font-size: 13px; letter-spacing: 0.65px;\">&#8211; Confort excepcional: Dise\u00f1ados para asegurar la comodidad durante la pr\u00e1ctica deportiva.<\/span><\/span><\/p>\n<p style=\"box-sizing: border-box; --tw-translate-x: 0; --tw-translate-y: 0; --tw-rotate: 0; --tw-skew-x: 0; --tw-skew-y: 0; --tw-scale-x: 1; --tw-scale-y: 1; --tw-transform: translateX(var(--tw-translate-x)) translateY(var(--tw-translate-y)) rotate(var(--tw-rotate)) skewX(var(--tw-skew-x)) skewY(var(--tw-skew-y)) scaleX(var(--tw-scale-x)) scaleY(var(--tw-scale-y)); border-color: currentcolor; margin: 0px 0px 10px; padding: 0px; color: #2b2b2b; font-family: Roboto, sans-serif; font-size: 13px; letter-spacing: 0.65px;\"><span style=\"color: #2b2b2b; font-family: Roboto, sans-serif;\"><span style=\"font-size: 13px; letter-spacing: 0.65px;\">&#8211; Durabilidad extrema: Materiales de alta calidad para un uso prolongado.<\/span><\/span><\/p>\n<p style=\"box-sizing: border-box; --tw-translate-x: 0; --tw-translate-y: 0; --tw-rotate: 0; --tw-skew-x: 0; --tw-skew-y: 0; --tw-scale-x: 1; --tw-scale-y: 1; --tw-transform: translateX(var(--tw-translate-x)) translateY(var(--tw-translate-y)) rotate(var(--tw-rotate)) skewX(var(--tw-skew-x)) skewY(var(--tw-skew-y)) scaleX(var(--tw-scale-x)) scaleY(var(--tw-scale-y)); border-color: currentcolor; margin: 0px 0px 10px; padding: 0px; color: #2b2b2b; font-family: Roboto, sans-serif; font-size: 13px; letter-spacing: 0.65px;\"><span style=\"color: #2b2b2b; font-family: Roboto, sans-serif;\"><span style=\"font-size: 13px; letter-spacing: 0.65px;\">&#8211; Resistencia al cloro y al agua salada: Fabricados con materiales duraderos.<\/span><\/span><\/p>\n<p style=\"box-sizing: border-box; --tw-translate-x: 0; --tw-translate-y: 0; --tw-rotate: 0; --tw-skew-x: 0; --tw-skew-y: 0; --tw-scale-x: 1; --tw-scale-y: 1; --tw-transform: translateX(var(--tw-translate-x)) translateY(var(--tw-translate-y)) rotate(var(--tw-rotate)) skewX(var(--tw-skew-x)) skewY(var(--tw-skew-y)) scaleX(var(--tw-scale-x)) scaleY(var(--tw-scale-y)); border-color: currentcolor; margin: 0px 0px 10px; padding: 0px; color: #2b2b2b; font-family: Roboto, sans-serif; font-size: 13px; letter-spacing: 0.65px;\"><span style=\"color: #2b2b2b; font-family: Roboto, sans-serif;\"><span style=\"font-size: 13px; letter-spacing: 0.65px;\">&#8211; Resistencia a los rayos UV: Tolerancia SPF+50 para uso en piscina y playa.<\/span><\/span><\/p>\n<p style=\"box-sizing: border-box; --tw-translate-x: 0; --tw-translate-y: 0; --tw-rotate: 0; --tw-skew-x: 0; --tw-skew-y: 0; --tw-scale-x: 1; --tw-scale-y: 1; --tw-transform: translateX(var(--tw-translate-x)) translateY(var(--tw-translate-y)) rotate(var(--tw-rotate)) skewX(var(--tw-skew-x)) skewY(var(--tw-skew-y)) scaleX(var(--tw-scale-x)) scaleY(var(--tw-scale-y)); border-color: currentcolor; margin: 0px 0px 10px; padding: 0px; color: #2b2b2b; font-family: Roboto, sans-serif; font-size: 13px; letter-spacing: 0.65px;\"><span style=\"color: #2b2b2b; font-family: Roboto, sans-serif;\"><span style=\"font-size: 13px; letter-spacing: 0.65px;\">&#8211; Tecnolog\u00eda anti-pilling: Evita el desgaste y la formaci\u00f3n de pelusa.<\/span><\/span><\/p>\n<p style=\"box-sizing: border-box; --tw-translate-x: 0; --tw-translate-y: 0; --tw-rotate: 0; --tw-skew-x: 0; --tw-skew-y: 0; --tw-scale-x: 1; --tw-scale-y: 1; --tw-transform: translateX(var(--tw-translate-x)) translateY(var(--tw-translate-y)) rotate(var(--tw-rotate)) skewX(var(--tw-skew-x)) skewY(var(--tw-skew-y)) scaleX(var(--tw-scale-x)) scaleY(var(--tw-scale-y)); border-color: currentcolor; margin: 0px 0px 10px; padding: 0px; color: #2b2b2b; font-family: Roboto, sans-serif; font-size: 13px; letter-spacing: 0.65px;\"><span style=\"color: #2b2b2b; font-family: Roboto, sans-serif;\"><span style=\"font-size: 13px; letter-spacing: 0.65px;\">\u00a0<\/span><\/span><\/p>\n<p style=\"box-sizing: border-box; --tw-translate-x: 0; --tw-translate-y: 0; --tw-rotate: 0; --tw-skew-x: 0; --tw-skew-y: 0; --tw-scale-x: 1; --tw-scale-y: 1; --tw-transform: translateX(var(--tw-translate-x)) translateY(var(--tw-translate-y)) rotate(var(--tw-rotate)) skewX(var(--tw-skew-x)) skewY(var(--tw-skew-y)) scaleX(var(--tw-scale-x)) scaleY(var(--tw-scale-y)); border-color: currentcolor; margin: 0px 0px 10px; padding: 0px; color: #2b2b2b; font-family: Roboto, sans-serif; font-size: 13px; letter-spacing: 0.65px;\"><span style=\"color: #2b2b2b; font-family: Roboto, sans-serif;\"><span style=\"font-size: 13px; letter-spacing: 0.65px;\">Uso recomendado:<\/span><\/span><\/p>\n<p style=\"box-sizing: border-box; --tw-translate-x: 0; --tw-translate-y: 0; --tw-rotate: 0; --tw-skew-x: 0; --tw-skew-y: 0; --tw-scale-x: 1; --tw-scale-y: 1; --tw-transform: translateX(var(--tw-translate-x)) translateY(var(--tw-translate-y)) rotate(var(--tw-rotate)) skewX(var(--tw-skew-x)) skewY(var(--tw-skew-y)) scaleX(var(--tw-scale-x)) scaleY(var(--tw-scale-y)); border-color: currentcolor; margin: 0px 0px 10px; padding: 0px; color: #2b2b2b; font-family: Roboto, sans-serif; font-size: 13px; letter-spacing: 0.65px;\"><span style=\"color: #2b2b2b; font-family: Roboto, sans-serif;\"><span style=\"font-size: 13px; letter-spacing: 0.65px;\">Ideales para ni\u00f1os que practican nataci\u00f3n, waterpolo, triatl\u00f3n, nataci\u00f3n sincronizada y otros deportes acu\u00e1ticos. Estos ba\u00f1adores ofrecen una combinaci\u00f3n perfecta de resistencia, confort y estilo, permitiendo a los j\u00f3venes deportistas rendir al m\u00e1ximo.<\/span><\/span><\/p>\n<p style=\"box-sizing: border-box; --tw-translate-x: 0; --tw-translate-y: 0; --tw-rotate: 0; --tw-skew-x: 0; --tw-skew-y: 0; --tw-scale-x: 1; --tw-scale-y: 1; --tw-transform: translateX(var(--tw-translate-x)) translateY(var(--tw-translate-y)) rotate(var(--tw-rotate)) skewX(var(--tw-skew-x)) skewY(var(--tw-skew-y)) scaleX(var(--tw-scale-x)) scaleY(var(--tw-scale-y)); border-color: currentcolor; margin: 0px 0px 10px; padding: 0px; color: #2b2b2b; font-family: Roboto, sans-serif; font-size: 13px; letter-spacing: 0.65px;\"><span style=\"color: #2b2b2b; font-family: Roboto, sans-serif;\"><span style=\"font-size: 13px; letter-spacing: 0.65px;\">\u00a0<\/span><\/span><\/p>\n<p style=\"box-sizing: border-box; --tw-translate-x: 0; --tw-translate-y: 0; --tw-rotate: 0; --tw-skew-x: 0; --tw-skew-y: 0; --tw-scale-x: 1; --tw-scale-y: 1; --tw-transform: translateX(var(--tw-translate-x)) translateY(var(--tw-translate-y)) rotate(var(--tw-rotate)) skewX(var(--tw-skew-x)) skewY(var(--tw-skew-y)) scaleX(var(--tw-scale-x)) scaleY(var(--tw-scale-y)); border-color: currentcolor; margin: 0px 0px 10px; padding: 0px; color: #2b2b2b; font-family: Roboto, sans-serif; font-size: 13px; letter-spacing: 0.65px;\"><span style=\"color: #2b2b2b; font-family: Roboto, sans-serif;\"><span style=\"font-size: 13px; letter-spacing: 0.65px;\">No pierdas la oportunidad de proporcionar a tu hijo un ba\u00f1ador que combina calidad, resistencia y confort con el Ba\u00f1ador Boxer Happy Kids &#8211; Darky Sea de CRAWL. \u00a1Compra ahora y destaca en el agua!<\/span><\/span><\/p>\n<p>\u00a0<\/p>\n","protected":false},"excerpt":{"rendered":"<p>Compra el Ba\u00f1ador Boxer Happy Kids &#8211; Darky Sea en CRAWL. Confort y durabilidad para deportes acu\u00e1ticos, en piscina o mar. Ref: 7313431622<\/p>\n<p>\u00a0<\/p>\n","protected":false},"featured_media":6867,"comment_status":"open","ping_status":"closed","template":"","meta":[],"product_cat":[39,48],"product_tag":[],"brands":[{"id":22,"name":"Turbo","slug":"turbo"}],"_links":{"self":[{"href":"https:\/\/crawl.es\/ca\/wp-json\/wp\/v2\/product\/6866"}],"collection":[{"href":"https:\/\/crawl.es\/ca\/wp-json\/wp\/v2\/product"}],"about":[{"href":"https:\/\/crawl.es\/ca\/wp-json\/wp\/v2\/types\/product"}],"replies":[{"embeddable":true,"href":"https:\/\/crawl.es\/ca\/wp-json\/wp\/v2\/comments?post=6866"}],"wp:featuredmedia":[{"embeddable":true,"href":"https:\/\/crawl.es\/ca\/wp-json\/wp\/v2\/media\/6867"}],"wp:attachment":[{"href":"https:\/\/crawl.es\/ca\/wp-json\/wp\/v2\/media?parent=6866"}],"wp:term":[{"taxonomy":"product_cat","embeddable":true,"href":"https:\/\/crawl.es\/ca\/wp-json\/wp\/v2\/product_cat?post=6866"},{"taxonomy":"product_tag","embeddable":true,"href":"https:\/\/crawl.es\/ca\/wp-json\/wp\/v2\/product_tag?post=6866"}],"curies":[{"name":"wp","href":"https:\/\/api.w.org\/{rel}","templated":true}]}}