{"id":6892,"date":"2023-11-29T18:25:04","date_gmt":"2023-11-29T18:25:04","guid":{"rendered":"https:\/\/crawl.es\/?post_type=product&#038;p=6892"},"modified":"2024-11-29T11:55:50","modified_gmt":"2024-11-29T11:55:50","slug":"banador-natacion-nino-skate-comando-happy-ref-79671122","status":"publish","type":"product","link":"https:\/\/crawl.es\/ca\/producto\/banador-natacion-nino-skate-comando-happy-ref-79671122\/","title":{"rendered":"Ba\u00f1ador Nataci\u00f3n Ni\u00f1o Skate Comando &#8211; Happy | CRAWL"},"content":{"rendered":"<p>Los ba\u00f1adores de ni\u00f1o Turbo est\u00e1n especialmente dise\u00f1ados para los m\u00e1s peque\u00f1os de la casa. Est\u00e1n confeccionados con materiales que garantizan el confort durante el uso, al mismo tiempo que aseguran una durabilidad extrema. Est\u00e1n fabricados y pensados para un uso intensivo en la pr\u00e1ctica de la nataci\u00f3n y otros deportes acu\u00e1ticos como el waterpolo, triatl\u00f3n, nataci\u00f3n sincronizada, etc.<\/p>\n<p>\u00a0<\/p>\n<p>Si est\u00e1s buscando un ba\u00f1ador para ni\u00f1o de calidad, sin duda Turbo es la marca de ba\u00f1adores infantiles que necesitas. Disponemos de un gran recorrido en la fabricaci\u00f3n de ba\u00f1adores para ni\u00f1os, con m\u00e1s de 60 a\u00f1os de experiencia que nos avalan como uno de los grandes l\u00edderes a nivel mundial en este sector.<\/p>\n<p>\u00a0<\/p>\n<p>Caracter\u00edsticas destacables:<\/p>\n<p>&#8211; Confort excepcional: Dise\u00f1ados para asegurar la comodidad durante la pr\u00e1ctica deportiva.<\/p>\n<p>&#8211; Durabilidad extrema: Materiales de alta calidad para un uso prolongado.<\/p>\n<p>&#8211; Resistencia al cloro y al agua salada: Fabricados con materiales duraderos.<\/p>\n<p>&#8211; Resistencia a los rayos UV: Tolerancia SPF+50 para uso en piscina y playa.<\/p>\n<p>&#8211; Tecnolog\u00eda anti-pilling: Evita el desgaste y la formaci\u00f3n de pelusa.<\/p>\n<p>\u00a0<\/p>\n<p>Uso recomendado:<\/p>\n<p>Ideales para ni\u00f1os que practican nataci\u00f3n, waterpolo, triatl\u00f3n, nataci\u00f3n sincronizada y otros deportes acu\u00e1ticos. Estos ba\u00f1adores ofrecen una combinaci\u00f3n perfecta de resistencia, confort y estilo, permitiendo a los j\u00f3venes deportistas rendir al m\u00e1ximo.<\/p>\n<p>\u00a0<\/p>\n<p>No pierdas la oportunidad de proporcionar a tu hijo un ba\u00f1ador que combina calidad, resistencia y confort con el Ba\u00f1ador Nataci\u00f3n Ni\u00f1o Skate Comando &#8211; Happy de CRAWL. \u00a1Compra ahora y destaca en el agua!<\/p>\n<p>\u00a0<\/p>\n","protected":false},"excerpt":{"rendered":"<p>Compra el Ba\u00f1ador Nataci\u00f3n Ni\u00f1o Skate Comando &#8211; Happy en CRAWL. Confort y durabilidad para deportes acu\u00e1ticos, en piscina o mar. Ref: 79671122<\/p>\n<p>\u00a0<\/p>\n","protected":false},"featured_media":6893,"comment_status":"open","ping_status":"closed","template":"","meta":[],"product_cat":[39,48],"product_tag":[],"brands":[{"id":22,"name":"Turbo","slug":"turbo"}],"_links":{"self":[{"href":"https:\/\/crawl.es\/ca\/wp-json\/wp\/v2\/product\/6892"}],"collection":[{"href":"https:\/\/crawl.es\/ca\/wp-json\/wp\/v2\/product"}],"about":[{"href":"https:\/\/crawl.es\/ca\/wp-json\/wp\/v2\/types\/product"}],"replies":[{"embeddable":true,"href":"https:\/\/crawl.es\/ca\/wp-json\/wp\/v2\/comments?post=6892"}],"wp:featuredmedia":[{"embeddable":true,"href":"https:\/\/crawl.es\/ca\/wp-json\/wp\/v2\/media\/6893"}],"wp:attachment":[{"href":"https:\/\/crawl.es\/ca\/wp-json\/wp\/v2\/media?parent=6892"}],"wp:term":[{"taxonomy":"product_cat","embeddable":true,"href":"https:\/\/crawl.es\/ca\/wp-json\/wp\/v2\/product_cat?post=6892"},{"taxonomy":"product_tag","embeddable":true,"href":"https:\/\/crawl.es\/ca\/wp-json\/wp\/v2\/product_tag?post=6892"}],"curies":[{"name":"wp","href":"https:\/\/api.w.org\/{rel}","templated":true}]}}