{"id":811,"date":"2021-02-04T09:26:45","date_gmt":"2021-02-04T09:26:45","guid":{"rendered":"https:\/\/crawl.es\/?post_type=product&#038;p=811"},"modified":"2025-01-10T12:11:11","modified_gmt":"2025-01-10T12:11:11","slug":"banador-natacion-energy-8934840","status":"publish","type":"product","link":"https:\/\/crawl.es\/ca\/producto\/banador-natacion-energy-8934840\/","title":{"rendered":"Ba\u00f1ador Nataci\u00f3n Turbo Energy | Crawl"},"content":{"rendered":"<p>Este ba\u00f1ador Turbo est\u00e1 especialmente dise\u00f1ado para la pr\u00e1ctica de la Nataci\u00f3n. Est\u00e1 confeccionado con el mejor tejido del mercado con un doble forro delantero. Es resistente al cloro de la piscina y a los rayos UV. Y por ello, la intensidad de sus colores se mantiene con el uso repetido en el tiempo. \u00a0 <strong>Es considerado uno de los ba\u00f1adores m\u00e1s resistentes del mundo.\u00a0<\/strong> \u00a0 <strong>Caracter\u00edsticas destacables:<\/strong> &#8211; Costuras reforzadas &#8211; Forro delantero completo &#8211; Resistente al cloro &#8211; Colores duraderos &#8211; Composici\u00f3n: 55% poli\u00e9ster PBT, 45% poli\u00e9ster \u00a0 <strong>Uso recomendado:<\/strong> &#8211; Ba\u00f1ador perfecto para la pr\u00e1ctica de la Nataci\u00f3n como ba\u00f1ador de entrenamiento. Gracias a su gran adaptabilidad al cuerpo, no arrastra agua al nadar y lo hace una opci\u00f3n comod\u00edsima para el uso diario. \u00a0 *Este art\u00edculo tiene un tallaje m\u00e1s peque\u00f1o de lo habitual, y por ello, recomendamos optar por una talla superior a lo habitual.<\/p>\n","protected":false},"excerpt":{"rendered":"<p>Descubre el ba\u00f1ador Nataci\u00f3n Energy (ref. 8934840) de Crawl, dise\u00f1ado para brindar un ajuste perfecto y m\u00e1xima comodidad durante tus entrenamientos. Resistente al cloro y con tecnolog\u00eda de secado r\u00e1pido, ideal para nadadores de alto rendimiento.<\/p>\n","protected":false},"featured_media":813,"comment_status":"open","ping_status":"closed","template":"","meta":[],"product_cat":[43,46,31,45,58],"product_tag":[],"brands":[{"id":22,"name":"Turbo","slug":"turbo"}],"_links":{"self":[{"href":"https:\/\/crawl.es\/ca\/wp-json\/wp\/v2\/product\/811"}],"collection":[{"href":"https:\/\/crawl.es\/ca\/wp-json\/wp\/v2\/product"}],"about":[{"href":"https:\/\/crawl.es\/ca\/wp-json\/wp\/v2\/types\/product"}],"replies":[{"embeddable":true,"href":"https:\/\/crawl.es\/ca\/wp-json\/wp\/v2\/comments?post=811"}],"wp:featuredmedia":[{"embeddable":true,"href":"https:\/\/crawl.es\/ca\/wp-json\/wp\/v2\/media\/813"}],"wp:attachment":[{"href":"https:\/\/crawl.es\/ca\/wp-json\/wp\/v2\/media?parent=811"}],"wp:term":[{"taxonomy":"product_cat","embeddable":true,"href":"https:\/\/crawl.es\/ca\/wp-json\/wp\/v2\/product_cat?post=811"},{"taxonomy":"product_tag","embeddable":true,"href":"https:\/\/crawl.es\/ca\/wp-json\/wp\/v2\/product_tag?post=811"}],"curies":[{"name":"wp","href":"https:\/\/api.w.org\/{rel}","templated":true}]}}