{"id":8763,"date":"2025-05-16T10:42:04","date_gmt":"2025-05-16T10:42:04","guid":{"rendered":"https:\/\/crawl.es\/?post_type=product&#038;p=8763"},"modified":"2025-05-16T11:07:54","modified_gmt":"2025-05-16T11:07:54","slug":"toalla-algodon-microfibra-145-100cm-stormi-ref-9841221","status":"publish","type":"product","link":"https:\/\/crawl.es\/ca\/producto\/toalla-algodon-microfibra-145-100cm-stormi-ref-9841221\/","title":{"rendered":"TOALLA TURBO ALGODON-MICROFIBRA (145 x100) WP MAN\/ CRAWL"},"content":{"rendered":"<p>Las mejores toallas de piscina. Desde Turbo podemos asegurar que nuestras toallas son de la mejor calidad posible. El tejido de microfibra y el algod\u00f3n utilizado son de primera calidad, permitiendo as\u00ed un secado r\u00e1pido y una perfecta resistencia al cloro. Del mismo modo, estas toallas son muy ligeras y ocupan poco espacio a la hora de guardar en cualquier bolsa o mochila.<\/p>\n<p>\u00a0<\/p>\n<p>Caracter\u00edsticas destacables:<\/p>\n<p>&#8211; Secado r\u00e1pido: Gracias al tejido de microfibra y algod\u00f3n de alta calidad.<\/p>\n<p>&#8211; Resistencia al cloro: Ideal para uso en piscinas.<\/p>\n<p>&#8211; Ligera y compacta: F\u00e1cil de guardar en cualquier bolsa o mochila.<\/p>\n<p>&#8211; Uso profesional: Utilizadas por deportistas de \u00e9lite de la selecci\u00f3n Espa\u00f1ola, de Estados Unidos, Australia, entre otros equipos nacionales de primer nivel.<\/p>\n<p>\u00a0<\/p>\n<p>Dimensiones:<\/p>\n<p>&#8211; 145 x 100 cm.<\/p>\n<p>\u00a0<\/p>\n<p>Uso recomendado:<\/p>\n<p>Perfecta para deportistas que buscan una toalla de alta calidad con excelente absorci\u00f3n y secado r\u00e1pido. Ideal para usar en piscinas y otros entornos acu\u00e1ticos.<\/p>\n<p>\u00a0<\/p>\n<p>No pierdas la oportunidad de tener la Toalla Algod\u00f3n-Microfibra 145\/100cm &#8220;Stormi&#8221; de CRAWL. \u00a1Compra ahora y disfruta de su calidad y rendimiento!<\/p>\n<p>\u00a0<\/p>\n","protected":false},"excerpt":{"rendered":"<p>Compra la Toalla Algod\u00f3n-Microfibra 145\/100cm WP MAN en CRAWL. Secado r\u00e1pido y resistencia al cloro. Utilizada por deportistas de \u00e9lite. Ref: 9841221<\/p>\n<p>\u00a0<\/p>\n","protected":false},"featured_media":14832,"comment_status":"open","ping_status":"closed","template":"","meta":[],"product_cat":[21,68],"product_tag":[],"brands":[{"id":22,"name":"Turbo","slug":"turbo"}],"_links":{"self":[{"href":"https:\/\/crawl.es\/ca\/wp-json\/wp\/v2\/product\/8763"}],"collection":[{"href":"https:\/\/crawl.es\/ca\/wp-json\/wp\/v2\/product"}],"about":[{"href":"https:\/\/crawl.es\/ca\/wp-json\/wp\/v2\/types\/product"}],"replies":[{"embeddable":true,"href":"https:\/\/crawl.es\/ca\/wp-json\/wp\/v2\/comments?post=8763"}],"wp:featuredmedia":[{"embeddable":true,"href":"https:\/\/crawl.es\/ca\/wp-json\/wp\/v2\/media\/14832"}],"wp:attachment":[{"href":"https:\/\/crawl.es\/ca\/wp-json\/wp\/v2\/media?parent=8763"}],"wp:term":[{"taxonomy":"product_cat","embeddable":true,"href":"https:\/\/crawl.es\/ca\/wp-json\/wp\/v2\/product_cat?post=8763"},{"taxonomy":"product_tag","embeddable":true,"href":"https:\/\/crawl.es\/ca\/wp-json\/wp\/v2\/product_tag?post=8763"}],"curies":[{"name":"wp","href":"https:\/\/api.w.org\/{rel}","templated":true}]}}